{"id":57425,"date":"2022-07-08T15:07:40","date_gmt":"2022-07-08T13:07:40","guid":{"rendered":"https:\/\/www.free-charter.com\/site\/?page_id=57425"},"modified":"2026-04-09T11:14:45","modified_gmt":"2026-04-09T09:14:45","slug":"catamarano-a-motore-aurea-a-cagliari","status":"publish","type":"page","link":"https:\/\/www.free-charter.com\/site\/catamarano-a-motore-aurea-a-cagliari\/","title":{"rendered":"Catamarano a motore Aurea, a Cagliari"},"content":{"rendered":"<div id=\"metaslider-id-57433\" style=\"max-width: 1030px;\" class=\"ml-slider-3-62-0 metaslider metaslider-responsive metaslider-57433 ml-slider ms-theme-default\" role=\"region\" aria-roledescription=\"Slideshow\" aria-label=\"Catamarano Aurea\">\n    <div id=\"metaslider_container_57433\">\n        <ul id='metaslider_57433' class='rslides'>\n            <li aria-roledescription='slide' aria-labelledby='slide-0'><img loading=\"lazy\" decoding=\"async\" src=\"https:\/\/www.free-charter.com\/site\/wp-content\/uploads\/2024\/01\/Aurea_30-Cover_00.jpg\" height=\"650\" width=\"1030\" alt=\"\" class=\"slider-57433 slide-59440\" title=\"Aurea_30 Cover_00\" \/><\/li>\n            <li style='display: none;' aria-roledescription='slide' aria-labelledby='slide-1'><img loading=\"lazy\" decoding=\"async\" src=\"https:\/\/www.free-charter.com\/site\/wp-content\/uploads\/2024\/01\/Aurea_30-Cover_01.jpg\" height=\"650\" width=\"1030\" alt=\"\" class=\"slider-57433 slide-59441\" title=\"Aurea_30 Cover_01\" \/><\/li>\n            <li style='display: none;' aria-roledescription='slide' aria-labelledby='slide-2'><img loading=\"lazy\" decoding=\"async\" src=\"https:\/\/www.free-charter.com\/site\/wp-content\/uploads\/2024\/01\/Aurea_30-Cover_02.jpg\" height=\"650\" width=\"1030\" alt=\"\" class=\"slider-57433 slide-59442\" title=\"Aurea_30 Cover_02\" \/><\/li>\n            <li style='display: none;' aria-roledescription='slide' aria-labelledby='slide-3'><img loading=\"lazy\" decoding=\"async\" src=\"https:\/\/www.free-charter.com\/site\/wp-content\/uploads\/2024\/01\/Aurea_30-Cover_03.jpg\" height=\"650\" width=\"1030\" alt=\"\" class=\"slider-57433 slide-59443\" title=\"Aurea_30 Cover_03\" \/><\/li>\n            <li style='display: none;' aria-roledescription='slide' aria-labelledby='slide-4'><img loading=\"lazy\" decoding=\"async\" src=\"https:\/\/www.free-charter.com\/site\/wp-content\/uploads\/2024\/01\/Aurea_30-Cover_04-1030x650.jpg\" height=\"650\" width=\"1030\" alt=\"\" class=\"slider-57433 slide-59444\" title=\"Aurea_30 Cover_04\" \/><\/li>\n            <li style='display: none;' aria-roledescription='slide' aria-labelledby='slide-5'><img loading=\"lazy\" decoding=\"async\" src=\"https:\/\/www.free-charter.com\/site\/wp-content\/uploads\/2024\/01\/Aurea_30-Cover_05.jpg\" height=\"650\" width=\"1030\" alt=\"\" class=\"slider-57433 slide-59445\" title=\"Aurea_30 Cover_05\" \/><\/li>\n            <li style='display: none;' aria-roledescription='slide' aria-labelledby='slide-6'><img loading=\"lazy\" decoding=\"async\" src=\"https:\/\/www.free-charter.com\/site\/wp-content\/uploads\/2024\/01\/Aurea_30-Cover_06.jpg\" height=\"650\" width=\"1030\" alt=\"\" class=\"slider-57433 slide-59446\" title=\"Aurea_30 Cover_06\" \/><\/li>\n            <li style='display: none;' aria-roledescription='slide' aria-labelledby='slide-7'><img loading=\"lazy\" decoding=\"async\" src=\"https:\/\/www.free-charter.com\/site\/wp-content\/uploads\/2024\/01\/Aurea_30-Cover_07.jpg\" height=\"650\" width=\"1030\" alt=\"\" class=\"slider-57433 slide-59447\" title=\"Aurea_30 Cover_07\" \/><\/li>\n            <li style='display: none;' aria-roledescription='slide' aria-labelledby='slide-8'><img loading=\"lazy\" decoding=\"async\" src=\"https:\/\/www.free-charter.com\/site\/wp-content\/uploads\/2024\/01\/Aurea_30-Cover_08.jpg\" height=\"650\" width=\"1030\" alt=\"\" class=\"slider-57433 slide-59448\" title=\"Aurea_30 Cover_08\" \/><\/li>\n            <li style='display: none;' aria-roledescription='slide' aria-labelledby='slide-9'><img loading=\"lazy\" decoding=\"async\" src=\"https:\/\/www.free-charter.com\/site\/wp-content\/uploads\/2024\/01\/Aurea_30-Cover_09.jpg\" height=\"650\" width=\"1030\" alt=\"\" class=\"slider-57433 slide-59449\" title=\"Aurea_30 Cover_09\" \/><\/li>\n            <li style='display: none;' aria-roledescription='slide' aria-labelledby='slide-10'><img loading=\"lazy\" decoding=\"async\" src=\"https:\/\/www.free-charter.com\/site\/wp-content\/uploads\/2024\/01\/Aurea_30-Cover_10.jpg\" height=\"650\" width=\"1030\" alt=\"\" class=\"slider-57433 slide-59450\" title=\"Aurea_30 Cover_10\" \/><\/li>\n        <\/ul>\n        \n    <\/div>\n<\/div>\n<p>Aurea 30 Cabin \u00e8 il perfetto day cruiser, una barca da noleggiare in Sardegna.<\/p>\n<p>Un cabinato da 9,16 metri per 3 di larghezza, dal design accattivante pensato per l&#8217;uso diportistico.<br \/>\nTrascorri una giornata in mare senza rinunciare allo stile o al confort: spazi ampi in plancia, per trascorrere le tue giornate in piena comodit\u00e0. Un prendisole di poppa trasformabile in seduta per cinque persone e una panca centrale che diventa fulcro del pozzetto. Questo catamarano planante realizzato da sapienti artigiani, possiede dettagli curati e materiali selezionati. Il sottocoperta offre una grande cabina armatoriale, con una dinette trasformabile in letto per due bambini. Un&#8217;armadio a tre ante e un ampio bagno con doccia. Affrontando il mare ti renderai conto di quanto sia morbida la navigazione, i motori sono posizionati distanti dal centro barca e questo ne migliora la manovrabilit\u00e0, Aurea 30 \u00e8 pi\u00f9 stabile di un gommone e pi\u00f9 efficiente di un monocarena tradizionale nei consumi. Passa le tue vacanze su questo lussuoso catamarano a motore, divertiti e goditi ogni onda.<\/p>\n","protected":false},"excerpt":{"rendered":"<p>Aurea 30 Cabin \u00e8 il perfetto day cruiser, una barca da noleggiare in Sardegna. Un cabinato da 9,16 metri per 3 di larghezza, dal design accattivante pensato per l&#8217;uso diportistico. Trascorri una giornata in mare senza rinunciare allo stile o al confort: spazi ampi in plancia, per trascorrere le tue giornate in piena comodit\u00e0. Un [&hellip;]<\/p>\n","protected":false},"author":1,"featured_media":59451,"parent":0,"menu_order":0,"comment_status":"closed","ping_status":"closed","template":"","meta":{"_et_pb_use_builder":"","_et_pb_old_content":"","_et_gb_content_width":"","inline_featured_image":false,"footnotes":""},"categories":[307,189,305,354],"tags":[],"class_list":["post-57425","page","type-page","status-publish","has-post-thumbnail","hentry","category-catamarano","category-day-cruiser","category-flotta","category-solo-landing-page-day-cruiser"],"yoast_head":"<!-- This site is optimized with the Yoast SEO plugin v24.0 - https:\/\/yoast.com\/wordpress\/plugins\/seo\/ -->\n<title>Catamarano a motore Aurea, a Cagliari - Free Charter - Sardegna<\/title>\n<meta name=\"description\" content=\"Un cabinato dal design accattivante pensato per l&#039;uso diportistico. Catamarano a motore con spazi ampi, Daycruiser per le tue vacanze in mare.\" \/>\n<meta name=\"robots\" content=\"index, follow, max-snippet:-1, max-image-preview:large, max-video-preview:-1\" \/>\n<link rel=\"canonical\" href=\"https:\/\/www.free-charter.com\/site\/catamarano-a-motore-aurea-a-cagliari\/\" \/>\n<meta property=\"og:locale\" content=\"it_IT\" \/>\n<meta property=\"og:type\" content=\"article\" \/>\n<meta property=\"og:title\" content=\"Catamarano a motore Aurea, a Cagliari - Free Charter - Sardegna\" \/>\n<meta property=\"og:description\" content=\"Un cabinato dal design accattivante pensato per l&#039;uso diportistico. Catamarano a motore con spazi ampi, Daycruiser per le tue vacanze in mare.\" \/>\n<meta property=\"og:url\" content=\"https:\/\/www.free-charter.com\/site\/catamarano-a-motore-aurea-a-cagliari\/\" \/>\n<meta property=\"og:site_name\" content=\"Free Charter - Sardegna\" \/>\n<meta property=\"article:publisher\" content=\"https:\/\/www.facebook.com\/Free-Charter-105895906247290\/\" \/>\n<meta property=\"article:modified_time\" content=\"2026-04-09T09:14:45+00:00\" \/>\n<meta property=\"og:image\" content=\"https:\/\/www.free-charter.com\/site\/wp-content\/uploads\/2024\/01\/Aurea_30-Cover_Free_Charter.jpg\" \/>\n\t<meta property=\"og:image:width\" content=\"1000\" \/>\n\t<meta property=\"og:image:height\" content=\"631\" \/>\n\t<meta property=\"og:image:type\" content=\"image\/jpeg\" \/>\n<meta name=\"twitter:card\" content=\"summary_large_image\" \/>\n<meta name=\"twitter:label1\" content=\"Tempo di lettura stimato\" \/>\n\t<meta name=\"twitter:data1\" content=\"2 minuti\" \/>\n<!-- \/ Yoast SEO plugin. -->","yoast_head_json":{"title":"Catamarano a motore Aurea, a Cagliari - Free Charter - Sardegna","description":"Un cabinato dal design accattivante pensato per l'uso diportistico. Catamarano a motore con spazi ampi, Daycruiser per le tue vacanze in mare.","robots":{"index":"index","follow":"follow","max-snippet":"max-snippet:-1","max-image-preview":"max-image-preview:large","max-video-preview":"max-video-preview:-1"},"canonical":"https:\/\/www.free-charter.com\/site\/catamarano-a-motore-aurea-a-cagliari\/","og_locale":"it_IT","og_type":"article","og_title":"Catamarano a motore Aurea, a Cagliari - Free Charter - Sardegna","og_description":"Un cabinato dal design accattivante pensato per l'uso diportistico. Catamarano a motore con spazi ampi, Daycruiser per le tue vacanze in mare.","og_url":"https:\/\/www.free-charter.com\/site\/catamarano-a-motore-aurea-a-cagliari\/","og_site_name":"Free Charter - Sardegna","article_publisher":"https:\/\/www.facebook.com\/Free-Charter-105895906247290\/","article_modified_time":"2026-04-09T09:14:45+00:00","og_image":[{"width":1000,"height":631,"url":"https:\/\/www.free-charter.com\/site\/wp-content\/uploads\/2024\/01\/Aurea_30-Cover_Free_Charter.jpg","type":"image\/jpeg"}],"twitter_card":"summary_large_image","twitter_misc":{"Tempo di lettura stimato":"2 minuti"},"schema":{"@context":"https:\/\/schema.org","@graph":[{"@type":"WebPage","@id":"https:\/\/www.free-charter.com\/site\/catamarano-a-motore-aurea-a-cagliari\/","url":"https:\/\/www.free-charter.com\/site\/catamarano-a-motore-aurea-a-cagliari\/","name":"Catamarano a motore Aurea, a Cagliari - Free Charter - Sardegna","isPartOf":{"@id":"https:\/\/www.free-charter.com\/site\/#website"},"primaryImageOfPage":{"@id":"https:\/\/www.free-charter.com\/site\/catamarano-a-motore-aurea-a-cagliari\/#primaryimage"},"image":{"@id":"https:\/\/www.free-charter.com\/site\/catamarano-a-motore-aurea-a-cagliari\/#primaryimage"},"thumbnailUrl":"https:\/\/www.free-charter.com\/site\/wp-content\/uploads\/2024\/01\/Aurea_30-Cover_Free_Charter.jpg","datePublished":"2022-07-08T13:07:40+00:00","dateModified":"2026-04-09T09:14:45+00:00","description":"Un cabinato dal design accattivante pensato per l'uso diportistico. Catamarano a motore con spazi ampi, Daycruiser per le tue vacanze in mare.","inLanguage":"it-IT","potentialAction":[{"@type":"ReadAction","target":["https:\/\/www.free-charter.com\/site\/catamarano-a-motore-aurea-a-cagliari\/"]}]},{"@type":"ImageObject","inLanguage":"it-IT","@id":"https:\/\/www.free-charter.com\/site\/catamarano-a-motore-aurea-a-cagliari\/#primaryimage","url":"https:\/\/www.free-charter.com\/site\/wp-content\/uploads\/2024\/01\/Aurea_30-Cover_Free_Charter.jpg","contentUrl":"https:\/\/www.free-charter.com\/site\/wp-content\/uploads\/2024\/01\/Aurea_30-Cover_Free_Charter.jpg","width":1000,"height":631},{"@type":"WebSite","@id":"https:\/\/www.free-charter.com\/site\/#website","url":"https:\/\/www.free-charter.com\/site\/","name":"Free Charter - Sardegna","description":"Noleggio Imbarcazioni da diporto - Free Charter - Sardegna","publisher":{"@id":"https:\/\/www.free-charter.com\/site\/#organization"},"potentialAction":[{"@type":"SearchAction","target":{"@type":"EntryPoint","urlTemplate":"https:\/\/www.free-charter.com\/site\/?s={search_term_string}"},"query-input":{"@type":"PropertyValueSpecification","valueRequired":true,"valueName":"search_term_string"}}],"inLanguage":"it-IT"},{"@type":"Organization","@id":"https:\/\/www.free-charter.com\/site\/#organization","name":"Free Charter - Sardegna","url":"https:\/\/www.free-charter.com\/site\/","logo":{"@type":"ImageObject","inLanguage":"it-IT","@id":"https:\/\/www.free-charter.com\/site\/#\/schema\/logo\/image\/","url":"https:\/\/www.free-charter.com\/site\/wp-content\/uploads\/2022\/03\/Logo-FC-2017.svg","contentUrl":"https:\/\/www.free-charter.com\/site\/wp-content\/uploads\/2022\/03\/Logo-FC-2017.svg","width":"1024","height":"1024","caption":"Free Charter - Sardegna"},"image":{"@id":"https:\/\/www.free-charter.com\/site\/#\/schema\/logo\/image\/"},"sameAs":["https:\/\/www.facebook.com\/Free-Charter-105895906247290\/","https:\/\/www.free-charter.com\/site\/","https:\/\/www.youtube.com\/channel\/UCaLp2gl2X5MZUt6Ki0oDx3A"]}]}},"_links":{"self":[{"href":"https:\/\/www.free-charter.com\/site\/wp-json\/wp\/v2\/pages\/57425","targetHints":{"allow":["GET"]}}],"collection":[{"href":"https:\/\/www.free-charter.com\/site\/wp-json\/wp\/v2\/pages"}],"about":[{"href":"https:\/\/www.free-charter.com\/site\/wp-json\/wp\/v2\/types\/page"}],"author":[{"embeddable":true,"href":"https:\/\/www.free-charter.com\/site\/wp-json\/wp\/v2\/users\/1"}],"replies":[{"embeddable":true,"href":"https:\/\/www.free-charter.com\/site\/wp-json\/wp\/v2\/comments?post=57425"}],"version-history":[{"count":10,"href":"https:\/\/www.free-charter.com\/site\/wp-json\/wp\/v2\/pages\/57425\/revisions"}],"predecessor-version":[{"id":60474,"href":"https:\/\/www.free-charter.com\/site\/wp-json\/wp\/v2\/pages\/57425\/revisions\/60474"}],"wp:featuredmedia":[{"embeddable":true,"href":"https:\/\/www.free-charter.com\/site\/wp-json\/wp\/v2\/media\/59451"}],"wp:attachment":[{"href":"https:\/\/www.free-charter.com\/site\/wp-json\/wp\/v2\/media?parent=57425"}],"wp:term":[{"taxonomy":"category","embeddable":true,"href":"https:\/\/www.free-charter.com\/site\/wp-json\/wp\/v2\/categories?post=57425"},{"taxonomy":"post_tag","embeddable":true,"href":"https:\/\/www.free-charter.com\/site\/wp-json\/wp\/v2\/tags?post=57425"}],"curies":[{"name":"wp","href":"https:\/\/api.w.org\/{rel}","templated":true}]}}