{"id":62802,"date":"2026-05-07T14:26:11","date_gmt":"2026-05-07T12:26:11","guid":{"rendered":"https:\/\/www.free-charter.com\/site\/?page_id=62802"},"modified":"2026-05-07T15:08:50","modified_gmt":"2026-05-07T13:08:50","slug":"bootvermietung-adriatische-meer","status":"publish","type":"page","link":"https:\/\/www.free-charter.com\/site\/de\/bootvermietung-adriatische-meer\/","title":{"rendered":"Bootvermietung &#8211; Adriatische Meer"},"content":{"rendered":"<p class=\"font-claude-response-body break-words whitespace-normal leading-[1.7]\"><strong>Bootsverleih in Lignano Sabbiadoro: Ihr Tor zur Adria und nach Kroatien<\/strong>, um die Oberadria mit der Exklusivit\u00e4t und dem Komfort unserer Boote zu erkunden. Von unserer Basis in Lignano Sabbiadoro aus haben Sie das Privileg, entlang eines der faszinierendsten Meeresabschnitte Italiens zu segeln, wo goldene Str\u00e4nde auf die urspr\u00fcngliche Natur der Lagune von Marano und Grado treffen. Ob Sie eine Luxusyacht, ein Segelboot oder ein sportliches Motorboot suchen \u2013 unser Charterservice in Lignano ist darauf ausgelegt, Ihnen ein ma\u00dfgeschneidertes Erlebnis aus Entspannung, Sport und Entdeckung zu bieten.<\/p>\n<h3 class=\"font-claude-response-body break-words whitespace-normal leading-[1.7]\"><strong>Von Lignano Sabbiadoro an die K\u00fcsten Kroatiens<\/strong><\/h3>\n<p class=\"font-claude-response-body break-words whitespace-normal leading-[1.7]\">Lignano ist nicht nur ein erstklassiges Reiseziel, sondern auch ein strategischer Ausgangspunkt f\u00fcr internationales Freizeitsegling. Dank seiner privilegierten Lage k\u00f6nnen Sie mit einer kurzen und angenehmen \u00dcberfahrt die Grenze \u00fcberqueren und die Wunder Istriens und Kroatiens erreichen. Ikonische Orte wie Pore\u010d, Rovinj und die Brijuni-Inseln sind f\u00fcr eine mehrt\u00e4gige Kreuzfahrt leicht erreichbar. Lassen Sie die friaulische K\u00fcste hinter sich und tauchen Sie in die kristallklaren Gew\u00e4sser und mittelalterlichen Ortschaften der kroatischen K\u00fcste ein \u2013 und erleben Sie das Meer ohne Grenzen.<\/p>\n<p class=\"font-claude-response-body break-words whitespace-normal leading-[1.7]\">In der Umgebung von Lignano Sabbiadoro zu segeln bedeutet, ein einzigartiges \u00d6kosystem zu entdecken. Sie k\u00f6nnen:<\/p>\n<ul class=\"[li_&amp;]:mb-0 [li_&amp;]:mt-1 [li_&amp;]:gap-1 [&amp;:not(:last-child)_ul]:pb-1 [&amp;:not(:last-child)_ol]:pb-1 list-disc flex flex-col gap-1 pl-8 mb-3\">\n<li class=\"whitespace-normal break-words pl-2\">In die Kan\u00e4le der Lagune von Marano einfahren, vorbei an den charakteristischen Fischerh\u00fctten und gesch\u00fctzten Naturschutzgebieten.<\/li>\n<li class=\"whitespace-normal break-words pl-2\">In wenigen Minuten die elegante Insel Grado, das \u201eErste Venedig&#8221;, mit seinem charmanten historischen Zentrum erreichen.<\/li>\n<li class=\"whitespace-normal break-words pl-2\">Den Bug Richtung Golf von Triest richten oder die adriatische K\u00fcste hinunter in Richtung Venetien fahren.<\/li>\n<\/ul>\n<p class=\"font-claude-response-body break-words whitespace-normal leading-[1.7]\">Buchen Sie jetzt Ihr Mietboot in Lignano und machen Sie sich bereit, das Abenteuer der Adria in v\u00f6lliger Freiheit, Sicherheit und Stil zu erleben.<\/p>\n","protected":false},"excerpt":{"rendered":"<p>Bootsverleih in Lignano Sabbiadoro: Ihr Tor zur Adria und nach Kroatien, um die Oberadria mit der Exklusivit\u00e4t und dem Komfort unserer Boote zu erkunden. Von unserer Basis in Lignano Sabbiadoro aus haben Sie das Privileg, entlang eines der faszinierendsten Meeresabschnitte Italiens zu segeln, wo goldene Str\u00e4nde auf die urspr\u00fcngliche Natur der Lagune von Marano und [&hellip;]<\/p>\n","protected":false},"author":1,"featured_media":0,"parent":0,"menu_order":0,"comment_status":"closed","ping_status":"closed","template":"","meta":{"_et_pb_use_builder":"","_et_pb_old_content":"","_et_gb_content_width":"","inline_featured_image":false,"footnotes":""},"categories":[331],"tags":[],"class_list":["post-62802","page","type-page","status-publish","hentry","category-base-de"],"yoast_head":"<!-- This site is optimized with the Yoast SEO plugin v24.0 - https:\/\/yoast.com\/wordpress\/plugins\/seo\/ -->\n<title>Bootvermietung - Adriatische Meer - Free Charter - Sardegna<\/title>\n<meta name=\"robots\" content=\"index, follow, max-snippet:-1, max-image-preview:large, max-video-preview:-1\" \/>\n<link rel=\"canonical\" href=\"https:\/\/www.free-charter.com\/site\/de\/bootvermietung-adriatische-meer\/\" \/>\n<meta property=\"og:locale\" content=\"de_DE\" \/>\n<meta property=\"og:type\" content=\"article\" \/>\n<meta property=\"og:title\" content=\"Bootvermietung - Adriatische Meer - Free Charter - Sardegna\" \/>\n<meta property=\"og:description\" content=\"Bootsverleih in Lignano Sabbiadoro: Ihr Tor zur Adria und nach Kroatien, um die Oberadria mit der Exklusivit\u00e4t und dem Komfort unserer Boote zu erkunden. Von unserer Basis in Lignano Sabbiadoro aus haben Sie das Privileg, entlang eines der faszinierendsten Meeresabschnitte Italiens zu segeln, wo goldene Str\u00e4nde auf die urspr\u00fcngliche Natur der Lagune von Marano und [&hellip;]\" \/>\n<meta property=\"og:url\" content=\"https:\/\/www.free-charter.com\/site\/de\/bootvermietung-adriatische-meer\/\" \/>\n<meta property=\"og:site_name\" content=\"Free Charter - Sardegna\" \/>\n<meta property=\"article:publisher\" content=\"https:\/\/www.facebook.com\/Free-Charter-105895906247290\/\" \/>\n<meta property=\"article:modified_time\" content=\"2026-05-07T13:08:50+00:00\" \/>\n<meta name=\"twitter:card\" content=\"summary_large_image\" \/>\n<meta name=\"twitter:label1\" content=\"Gesch\u00e4tzte Lesezeit\" \/>\n\t<meta name=\"twitter:data1\" content=\"2\u00a0Minuten\" \/>\n<!-- \/ Yoast SEO plugin. -->","yoast_head_json":{"title":"Bootvermietung - Adriatische Meer - Free Charter - Sardegna","robots":{"index":"index","follow":"follow","max-snippet":"max-snippet:-1","max-image-preview":"max-image-preview:large","max-video-preview":"max-video-preview:-1"},"canonical":"https:\/\/www.free-charter.com\/site\/de\/bootvermietung-adriatische-meer\/","og_locale":"de_DE","og_type":"article","og_title":"Bootvermietung - Adriatische Meer - Free Charter - Sardegna","og_description":"Bootsverleih in Lignano Sabbiadoro: Ihr Tor zur Adria und nach Kroatien, um die Oberadria mit der Exklusivit\u00e4t und dem Komfort unserer Boote zu erkunden. Von unserer Basis in Lignano Sabbiadoro aus haben Sie das Privileg, entlang eines der faszinierendsten Meeresabschnitte Italiens zu segeln, wo goldene Str\u00e4nde auf die urspr\u00fcngliche Natur der Lagune von Marano und [&hellip;]","og_url":"https:\/\/www.free-charter.com\/site\/de\/bootvermietung-adriatische-meer\/","og_site_name":"Free Charter - Sardegna","article_publisher":"https:\/\/www.facebook.com\/Free-Charter-105895906247290\/","article_modified_time":"2026-05-07T13:08:50+00:00","twitter_card":"summary_large_image","twitter_misc":{"Gesch\u00e4tzte Lesezeit":"2\u00a0Minuten"},"schema":{"@context":"https:\/\/schema.org","@graph":[{"@type":"WebPage","@id":"https:\/\/www.free-charter.com\/site\/de\/bootvermietung-adriatische-meer\/","url":"https:\/\/www.free-charter.com\/site\/de\/bootvermietung-adriatische-meer\/","name":"Bootvermietung - Adriatische Meer - Free Charter - Sardegna","isPartOf":{"@id":"https:\/\/www.free-charter.com\/site\/de\/#website"},"datePublished":"2026-05-07T12:26:11+00:00","dateModified":"2026-05-07T13:08:50+00:00","inLanguage":"de","potentialAction":[{"@type":"ReadAction","target":["https:\/\/www.free-charter.com\/site\/de\/bootvermietung-adriatische-meer\/"]}]},{"@type":"WebSite","@id":"https:\/\/www.free-charter.com\/site\/de\/#website","url":"https:\/\/www.free-charter.com\/site\/de\/","name":"Free Charter - Sardegna","description":"Noleggio Imbarcazioni da diporto - Free Charter - Sardegna","publisher":{"@id":"https:\/\/www.free-charter.com\/site\/de\/#organization"},"potentialAction":[{"@type":"SearchAction","target":{"@type":"EntryPoint","urlTemplate":"https:\/\/www.free-charter.com\/site\/de\/?s={search_term_string}"},"query-input":{"@type":"PropertyValueSpecification","valueRequired":true,"valueName":"search_term_string"}}],"inLanguage":"de"},{"@type":"Organization","@id":"https:\/\/www.free-charter.com\/site\/de\/#organization","name":"Free Charter - Sardegna","url":"https:\/\/www.free-charter.com\/site\/de\/","logo":{"@type":"ImageObject","inLanguage":"de","@id":"https:\/\/www.free-charter.com\/site\/de\/#\/schema\/logo\/image\/","url":"https:\/\/www.free-charter.com\/site\/wp-content\/uploads\/2022\/03\/Logo-FC-2017.svg","contentUrl":"https:\/\/www.free-charter.com\/site\/wp-content\/uploads\/2022\/03\/Logo-FC-2017.svg","width":"1024","height":"1024","caption":"Free Charter - Sardegna"},"image":{"@id":"https:\/\/www.free-charter.com\/site\/de\/#\/schema\/logo\/image\/"},"sameAs":["https:\/\/www.facebook.com\/Free-Charter-105895906247290\/","https:\/\/www.free-charter.com\/site\/","https:\/\/www.youtube.com\/channel\/UCaLp2gl2X5MZUt6Ki0oDx3A"]}]}},"_links":{"self":[{"href":"https:\/\/www.free-charter.com\/site\/de\/wp-json\/wp\/v2\/pages\/62802","targetHints":{"allow":["GET"]}}],"collection":[{"href":"https:\/\/www.free-charter.com\/site\/de\/wp-json\/wp\/v2\/pages"}],"about":[{"href":"https:\/\/www.free-charter.com\/site\/de\/wp-json\/wp\/v2\/types\/page"}],"author":[{"embeddable":true,"href":"https:\/\/www.free-charter.com\/site\/de\/wp-json\/wp\/v2\/users\/1"}],"replies":[{"embeddable":true,"href":"https:\/\/www.free-charter.com\/site\/de\/wp-json\/wp\/v2\/comments?post=62802"}],"version-history":[{"count":2,"href":"https:\/\/www.free-charter.com\/site\/de\/wp-json\/wp\/v2\/pages\/62802\/revisions"}],"predecessor-version":[{"id":62808,"href":"https:\/\/www.free-charter.com\/site\/de\/wp-json\/wp\/v2\/pages\/62802\/revisions\/62808"}],"wp:attachment":[{"href":"https:\/\/www.free-charter.com\/site\/de\/wp-json\/wp\/v2\/media?parent=62802"}],"wp:term":[{"taxonomy":"category","embeddable":true,"href":"https:\/\/www.free-charter.com\/site\/de\/wp-json\/wp\/v2\/categories?post=62802"},{"taxonomy":"post_tag","embeddable":true,"href":"https:\/\/www.free-charter.com\/site\/de\/wp-json\/wp\/v2\/tags?post=62802"}],"curies":[{"name":"wp","href":"https:\/\/api.w.org\/{rel}","templated":true}]}}