{"id":59169,"date":"2023-12-20T12:20:44","date_gmt":"2023-12-20T11:20:44","guid":{"rendered":"https:\/\/www.free-charter.com\/site\/?page_id=59169"},"modified":"2024-03-21T22:06:37","modified_gmt":"2024-03-21T21:06:37","slug":"aquila-54-catamaran-zu-vermieten-in-griechenland","status":"publish","type":"page","link":"https:\/\/www.free-charter.com\/site\/de\/aquila-54-catamaran-zu-vermieten-in-griechenland\/","title":{"rendered":"Luxuri\u00f6ser Katamaran Aquila 54 zur Miete in Athen, Griechenland"},"content":{"rendered":"<p>[et_pb_section fb_built=&#8221;1&#8243; admin_label=&#8221;section&#8221; _builder_version=&#8221;4.16&#8243; global_colors_info=&#8221;{}&#8221;][et_pb_row admin_label=&#8221;row&#8221; _builder_version=&#8221;4.16&#8243; background_size=&#8221;initial&#8221; background_position=&#8221;top_left&#8221; background_repeat=&#8221;repeat&#8221; global_colors_info=&#8221;{}&#8221;][et_pb_column type=&#8221;4_4&#8243; _builder_version=&#8221;4.16&#8243; custom_padding=&#8221;|||&#8221; global_colors_info=&#8221;{}&#8221; custom_padding__hover=&#8221;|||&#8221;][et_pb_text admin_label=&#8221;Text&#8221; _builder_version=&#8221;4.24.2&#8243; background_size=&#8221;initial&#8221; background_position=&#8221;top_left&#8221; background_repeat=&#8221;repeat&#8221; text_orientation=&#8221;justified&#8221; hover_enabled=&#8221;0&#8243; global_colors_info=&#8221;{}&#8221; sticky_enabled=&#8221;0&#8243;]<\/p>\n<div id=\"metaslider-id-59087\" style=\"max-width: 1030px;\" class=\"ml-slider-3-62-0 metaslider metaslider-responsive metaslider-59087 ml-slider ms-theme-default\" role=\"region\" aria-roledescription=\"Slideshow\" aria-label=\"Aquila 54 Yacht\">\n    <div id=\"metaslider_container_59087\">\n        <ul id='metaslider_59087' class='rslides'>\n            <li aria-roledescription='slide' aria-labelledby='slide-0'><img loading=\"lazy\" decoding=\"async\" src=\"https:\/\/www.free-charter.com\/site\/wp-content\/uploads\/2024\/01\/Aquila_54_02.jpg\" height=\"650\" width=\"1030\" alt=\"\" class=\"slider-59087 slide-59216\" title=\"Aquila_54_02\" \/><\/li>\n            <li style='display: none;' aria-roledescription='slide' aria-labelledby='slide-1'><img loading=\"lazy\" decoding=\"async\" src=\"https:\/\/www.free-charter.com\/site\/wp-content\/uploads\/2024\/01\/Aquila_54_03.jpg\" height=\"650\" width=\"1030\" alt=\"\" class=\"slider-59087 slide-59229\" title=\"Aquila_54_03\" \/><\/li>\n            <li style='display: none;' aria-roledescription='slide' aria-labelledby='slide-2'><img loading=\"lazy\" decoding=\"async\" src=\"https:\/\/www.free-charter.com\/site\/wp-content\/uploads\/2024\/01\/Aquila_54_4a.jpg\" height=\"650\" width=\"1030\" alt=\"\" class=\"slider-59087 slide-59230\" title=\"Aquila_54_4a\" \/><\/li>\n            <li style='display: none;' aria-roledescription='slide' aria-labelledby='slide-3'><img loading=\"lazy\" decoding=\"async\" src=\"https:\/\/www.free-charter.com\/site\/wp-content\/uploads\/2024\/01\/Aquila_54_5b.jpg\" height=\"650\" width=\"1030\" alt=\"\" class=\"slider-59087 slide-59231\" title=\"Aquila_54_5b\" \/><\/li>\n            <li style='display: none;' aria-roledescription='slide' aria-labelledby='slide-4'><img loading=\"lazy\" decoding=\"async\" src=\"https:\/\/www.free-charter.com\/site\/wp-content\/uploads\/2024\/01\/Aquila_54_06.jpg\" height=\"650\" width=\"1030\" alt=\"\" class=\"slider-59087 slide-59232\" title=\"Aquila_54_06\" \/><\/li>\n            <li style='display: none;' aria-roledescription='slide' aria-labelledby='slide-5'><img loading=\"lazy\" decoding=\"async\" src=\"https:\/\/www.free-charter.com\/site\/wp-content\/uploads\/2024\/01\/Aquila_54-_07.jpg\" height=\"650\" width=\"1030\" alt=\"\" class=\"slider-59087 slide-59251\" title=\"Aquila_54 _07\" \/><\/li>\n            <li style='display: none;' aria-roledescription='slide' aria-labelledby='slide-6'><img loading=\"lazy\" decoding=\"async\" src=\"https:\/\/www.free-charter.com\/site\/wp-content\/uploads\/2024\/01\/Aquila_54_08.jpg\" height=\"650\" width=\"1030\" alt=\"\" class=\"slider-59087 slide-59252\" title=\"Aquila_54_08\" \/><\/li>\n            <li style='display: none;' aria-roledescription='slide' aria-labelledby='slide-7'><img loading=\"lazy\" decoding=\"async\" src=\"https:\/\/www.free-charter.com\/site\/wp-content\/uploads\/2024\/01\/Aquila_54_09.jpg\" height=\"650\" width=\"1030\" alt=\"\" class=\"slider-59087 slide-59253\" title=\"Aquila_54_09\" \/><\/li>\n            <li style='display: none;' aria-roledescription='slide' aria-labelledby='slide-8'><img loading=\"lazy\" decoding=\"async\" src=\"https:\/\/www.free-charter.com\/site\/wp-content\/uploads\/2024\/01\/Aquila_54_10.jpg\" height=\"650\" width=\"1030\" alt=\"\" class=\"slider-59087 slide-59254\" title=\"Aquila_54_10\" \/><\/li>\n            <li style='display: none;' aria-roledescription='slide' aria-labelledby='slide-9'><img loading=\"lazy\" decoding=\"async\" src=\"https:\/\/www.free-charter.com\/site\/wp-content\/uploads\/2024\/01\/Aquila_54_11.jpg\" height=\"650\" width=\"1030\" alt=\"\" class=\"slider-59087 slide-59255\" title=\"Aquila_54_11\" \/><\/li>\n            <li style='display: none;' aria-roledescription='slide' aria-labelledby='slide-10'><img loading=\"lazy\" decoding=\"async\" src=\"https:\/\/www.free-charter.com\/site\/wp-content\/uploads\/2024\/01\/Aquila_54_12.jpg\" height=\"650\" width=\"1030\" alt=\"\" class=\"slider-59087 slide-59256\" title=\"Aquila_54_12\" \/><\/li>\n        <\/ul>\n        \n    <\/div>\n<\/div>\n<h1>Luxuri\u00f6ser Katamaran Aquila 54 zur Miete in Athen, Griechenland<\/h1>\n<h2>Exquisite Unterkunft und Annehmlichkeiten<\/h2>\n<p style=\"text-align: justify;\">Der Aquila 54 ist ein beeindruckendes 16,5 m langes Schiff, das Luxus und Komfort perfekt kombiniert. Mit einem gro\u00dfz\u00fcgigen Hauptschlafzimmer mit Kingsize-Bett und drei weiteren G\u00e4stekabinen, jeweils mit Queensize-Betten und eigenen B\u00e4dern, bietet dieser Katamaran eine erstklassige Unterkunft f\u00fcr Ihre Reise. Jede Kabine ist sorgf\u00e4ltig gestaltet, um Privatsph\u00e4re und Komfort zu gew\u00e4hrleisten, damit Sie und Ihre G\u00e4ste sich vollkommen entspannen k\u00f6nnen.<\/p>\n<h2>Unterhaltung und Entspannung an Bord<\/h2>\n<p style=\"text-align: justify;\">Auf dem Aquila 54 finden Sie zahlreiche M\u00f6glichkeiten zur Unterhaltung und zum Genuss. Die verschiedenen Entspannungs-, Ess- und Unterhaltungsbereiche an Bord, erg\u00e4nzt durch eine erfahrene lokale Crew, machen Ihren Aufenthalt unvergesslich. Ob Sie in der gem\u00fctlichen Lounge entspannen, ein Gourmet-Essen im Freien genie\u00dfen oder die Sonne auf der ger\u00e4umigen Sonnenterrasse anbeten m\u00f6chten, der Aquila 54 bietet alles.<\/p>\n<h2>Abenteuer und Spa\u00df auf dem Wasser<\/h2>\n<p style=\"text-align: justify;\">Mit einer Vielzahl von Wasserspielzeugen an Bord ist der Aquila 54 bereit f\u00fcr jedes Abenteuer. Von Paddleboards und Schnorchelausr\u00fcstung bis hin zu Angelausr\u00fcstungen f\u00fcr das Hochseeangeln und leichten Angelausr\u00fcstungen \u2013 dieser Katamaran bietet zahlreiche M\u00f6glichkeiten, die kristallklaren griechischen Gew\u00e4sser zu genie\u00dfen. Ein modernes Audiosystem, sowohl innen als auch au\u00dfen, eine Au\u00dfenbar und eine Badeplattform erh\u00f6hen den Spa\u00df und die Erholung f\u00fcr alle an Bord.<\/p>\n<h2>Entdecken Sie Griechenland mit Stil<\/h2>\n<p style=\"text-align: justify;\">W\u00e4hlen Sie den Aquila 54 f\u00fcr Ihre n\u00e4chste Segelreise ab Athen und erleben Sie die vielen kleinen Inseln Griechenlands auf die luxuri\u00f6seste Art und Weise. Genie\u00dfen Sie die Freiheit und die Sch\u00f6nheit des Segelns, w\u00e4hrend Sie sich auf dem komfortablen und stilvollen Katamaran entspannen. Buchen Sie jetzt und setzen Sie die Segel f\u00fcr eine unvergleichliche Reise auf dem Aquila 54.<\/p>\n<p style=\"text-align: justify;\"><i class=\"fa-solid fa-anchor\"><\/i>Free-Charter hat f\u00fcr Sie ein Paar Routen f\u00fcr Ihren Urlaub im Griechischen Meer mit einem Katamaran zur Miete erstellt:<\/p>\n<p style=\"text-align: left;\"><strong> <a href=\"https:\/\/www.free-charter.com\/site\/wp-content\/uploads\/2024\/03\/IONIANISLANDSITINERARY.pdf\">DOWNLOAD 7-DAYS ITINERARY IN THE IONIAN ISLANDS<\/a><\/strong><\/p>\n<p><a href=\"https:\/\/www.free-charter.com\/site\/wp-content\/uploads\/2024\/03\/CYCLADES.pdf\"><strong>DOWNLOAD 7-DAYS ITINERARY IN THE CYCLADES\u00a0<\/strong><\/a><\/p>\n<p><a href=\"https:\/\/www.free-charter.com\/site\/wp-content\/uploads\/2024\/03\/ARGOSARONIC.pdf\"><strong>DOWNLOAD 7-DAYS ITINERARY IN THE ARGO-SARONIC GULF<\/strong><\/a><\/p>\n<p style=\"text-align: justify;\">[\/et_pb_text][\/et_pb_column][\/et_pb_row][et_pb_row _builder_version=&#8221;4.23.1&#8243; _module_preset=&#8221;default&#8221; global_colors_info=&#8221;{}&#8221;][et_pb_column type=&#8221;4_4&#8243; _builder_version=&#8221;4.23.1&#8243; _module_preset=&#8221;default&#8221; global_colors_info=&#8221;{}&#8221;][et_pb_video src=&#8221;https:\/\/youtu.be\/DWESLg1oIy4?si=rJexDs6NGeM9yE_s&#8221; _builder_version=&#8221;4.23.1&#8243; _module_preset=&#8221;default&#8221; global_colors_info=&#8221;{}&#8221;][\/et_pb_video][\/et_pb_column][\/et_pb_row][\/et_pb_section]<\/p>\n","protected":false},"excerpt":{"rendered":"<p><div id=\"metaslider-id-59087\" style=\"max-width: 1030px;\" class=\"ml-slider-3-62-0 metaslider metaslider-responsive metaslider-59087 ml-slider ms-theme-default\" role=\"region\" aria-roledescription=\"Slideshow\" aria-label=\"Aquila 54 Yacht\">\n    <div id=\"metaslider_container_59087\">\n        <ul id='metaslider_59087' class='rslides'>\n            <li aria-roledescription='slide' aria-labelledby='slide-0'><img loading=\"lazy\" decoding=\"async\" src=\"https:\/\/www.free-charter.com\/site\/wp-content\/uploads\/2024\/01\/Aquila_54_02.jpg\" height=\"650\" width=\"1030\" alt=\"\" class=\"slider-59087 slide-59216\" title=\"Aquila_54_02\" \/><\/li>\n            <li style='display: none;' aria-roledescription='slide' aria-labelledby='slide-1'><img loading=\"lazy\" decoding=\"async\" src=\"https:\/\/www.free-charter.com\/site\/wp-content\/uploads\/2024\/01\/Aquila_54_03.jpg\" height=\"650\" width=\"1030\" alt=\"\" class=\"slider-59087 slide-59229\" title=\"Aquila_54_03\" \/><\/li>\n            <li style='display: none;' aria-roledescription='slide' aria-labelledby='slide-2'><img loading=\"lazy\" decoding=\"async\" src=\"https:\/\/www.free-charter.com\/site\/wp-content\/uploads\/2024\/01\/Aquila_54_4a.jpg\" height=\"650\" width=\"1030\" alt=\"\" class=\"slider-59087 slide-59230\" title=\"Aquila_54_4a\" \/><\/li>\n            <li style='display: none;' aria-roledescription='slide' aria-labelledby='slide-3'><img loading=\"lazy\" decoding=\"async\" src=\"https:\/\/www.free-charter.com\/site\/wp-content\/uploads\/2024\/01\/Aquila_54_5b.jpg\" height=\"650\" width=\"1030\" alt=\"\" class=\"slider-59087 slide-59231\" title=\"Aquila_54_5b\" \/><\/li>\n            <li style='display: none;' aria-roledescription='slide' aria-labelledby='slide-4'><img loading=\"lazy\" decoding=\"async\" src=\"https:\/\/www.free-charter.com\/site\/wp-content\/uploads\/2024\/01\/Aquila_54_06.jpg\" height=\"650\" width=\"1030\" alt=\"\" class=\"slider-59087 slide-59232\" title=\"Aquila_54_06\" \/><\/li>\n            <li style='display: none;' aria-roledescription='slide' aria-labelledby='slide-5'><img loading=\"lazy\" decoding=\"async\" src=\"https:\/\/www.free-charter.com\/site\/wp-content\/uploads\/2024\/01\/Aquila_54-_07.jpg\" height=\"650\" width=\"1030\" alt=\"\" class=\"slider-59087 slide-59251\" title=\"Aquila_54 _07\" \/><\/li>\n            <li style='display: none;' aria-roledescription='slide' aria-labelledby='slide-6'><img loading=\"lazy\" decoding=\"async\" src=\"https:\/\/www.free-charter.com\/site\/wp-content\/uploads\/2024\/01\/Aquila_54_08.jpg\" height=\"650\" width=\"1030\" alt=\"\" class=\"slider-59087 slide-59252\" title=\"Aquila_54_08\" \/><\/li>\n            <li style='display: none;' aria-roledescription='slide' aria-labelledby='slide-7'><img loading=\"lazy\" decoding=\"async\" src=\"https:\/\/www.free-charter.com\/site\/wp-content\/uploads\/2024\/01\/Aquila_54_09.jpg\" height=\"650\" width=\"1030\" alt=\"\" class=\"slider-59087 slide-59253\" title=\"Aquila_54_09\" \/><\/li>\n            <li style='display: none;' aria-roledescription='slide' aria-labelledby='slide-8'><img loading=\"lazy\" decoding=\"async\" src=\"https:\/\/www.free-charter.com\/site\/wp-content\/uploads\/2024\/01\/Aquila_54_10.jpg\" height=\"650\" width=\"1030\" alt=\"\" class=\"slider-59087 slide-59254\" title=\"Aquila_54_10\" \/><\/li>\n            <li style='display: none;' aria-roledescription='slide' aria-labelledby='slide-9'><img loading=\"lazy\" decoding=\"async\" src=\"https:\/\/www.free-charter.com\/site\/wp-content\/uploads\/2024\/01\/Aquila_54_11.jpg\" height=\"650\" width=\"1030\" alt=\"\" class=\"slider-59087 slide-59255\" title=\"Aquila_54_11\" \/><\/li>\n            <li style='display: none;' aria-roledescription='slide' aria-labelledby='slide-10'><img loading=\"lazy\" decoding=\"async\" src=\"https:\/\/www.free-charter.com\/site\/wp-content\/uploads\/2024\/01\/Aquila_54_12.jpg\" height=\"650\" width=\"1030\" alt=\"\" class=\"slider-59087 slide-59256\" title=\"Aquila_54_12\" \/><\/li>\n        <\/ul>\n        \n    <\/div>\n<\/div> Luxuri\u00f6ser Katamaran Aquila 54 zur Miete in Athen, Griechenland Exquisite Unterkunft und Annehmlichkeiten Der Aquila 54 ist ein beeindruckendes 16,5 m langes Schiff, das Luxus und Komfort perfekt kombiniert. Mit einem gro\u00dfz\u00fcgigen Hauptschlafzimmer mit Kingsize-Bett und drei weiteren G\u00e4stekabinen, jeweils mit Queensize-Betten und eigenen B\u00e4dern, bietet dieser Katamaran eine erstklassige Unterkunft f\u00fcr Ihre [&hellip;]<\/p>\n","protected":false},"author":2,"featured_media":59259,"parent":0,"menu_order":0,"comment_status":"closed","ping_status":"closed","template":"","meta":{"_et_pb_use_builder":"on","_et_pb_old_content":"","_et_gb_content_width":"","inline_featured_image":false,"footnotes":""},"categories":[326,329],"tags":[],"class_list":["post-59169","page","type-page","status-publish","has-post-thumbnail","hentry","category-die-flotte","category-katamaran"],"yoast_head":"<!-- This site is optimized with the Yoast SEO plugin v24.0 - https:\/\/yoast.com\/wordpress\/plugins\/seo\/ -->\n<title>Mieten Sie den Aquila 54 Katamaran in Athen f\u00fcr einen unvergesslichen Griechenland-Urlaub<\/title>\n<meta name=\"description\" content=\"Erleben Sie ultimativen Luxus und Komfort auf dem Aquila 54, einem exquisiten 16,5 m langen Katamaran, verf\u00fcgbar in Athen, Griechenland. Perfekt ausgestattet f\u00fcr Ihre Entspannung und Unterhaltung, bietet dieser Katamaran mit einer lokalen Crew ein authentisches griechisches Segelerlebnis. Ideal f\u00fcr anspruchsvolle G\u00e4ste, die das Inselhopping in Griechenland stilvoll genie\u00dfen m\u00f6chten, komplett mit modernen Annehmlichkeiten und einer Vielzahl an Wasserspielzeugen. Buchen Sie jetzt Ihren Traumurlaub auf dem Aquila 54 und entdecken Sie die Sch\u00f6nheit der griechischen Inselwelt.\" \/>\n<meta name=\"robots\" content=\"index, follow, max-snippet:-1, max-image-preview:large, max-video-preview:-1\" \/>\n<link rel=\"canonical\" href=\"https:\/\/www.free-charter.com\/site\/de\/aquila-54-catamaran-zu-vermieten-in-griechenland\/\" \/>\n<meta property=\"og:locale\" content=\"de_DE\" \/>\n<meta property=\"og:type\" content=\"article\" \/>\n<meta property=\"og:title\" content=\"Mieten Sie den Aquila 54 Katamaran in Athen f\u00fcr einen unvergesslichen Griechenland-Urlaub\" \/>\n<meta property=\"og:description\" content=\"Erleben Sie ultimativen Luxus und Komfort auf dem Aquila 54, einem exquisiten 16,5 m langen Katamaran, verf\u00fcgbar in Athen, Griechenland. Perfekt ausgestattet f\u00fcr Ihre Entspannung und Unterhaltung, bietet dieser Katamaran mit einer lokalen Crew ein authentisches griechisches Segelerlebnis. Ideal f\u00fcr anspruchsvolle G\u00e4ste, die das Inselhopping in Griechenland stilvoll genie\u00dfen m\u00f6chten, komplett mit modernen Annehmlichkeiten und einer Vielzahl an Wasserspielzeugen. Buchen Sie jetzt Ihren Traumurlaub auf dem Aquila 54 und entdecken Sie die Sch\u00f6nheit der griechischen Inselwelt.\" \/>\n<meta property=\"og:url\" content=\"https:\/\/www.free-charter.com\/site\/de\/aquila-54-catamaran-zu-vermieten-in-griechenland\/\" \/>\n<meta property=\"og:site_name\" content=\"Free Charter - Sardegna\" \/>\n<meta property=\"article:publisher\" content=\"https:\/\/www.facebook.com\/Free-Charter-105895906247290\/\" \/>\n<meta property=\"article:modified_time\" content=\"2024-03-21T21:06:37+00:00\" \/>\n<meta property=\"og:image\" content=\"https:\/\/www.free-charter.com\/site\/wp-content\/uploads\/2024\/01\/IM_EVID_Aquila54_ok.jpg\" \/>\n\t<meta property=\"og:image:width\" content=\"1000\" \/>\n\t<meta property=\"og:image:height\" content=\"631\" \/>\n\t<meta property=\"og:image:type\" content=\"image\/jpeg\" \/>\n<meta name=\"twitter:card\" content=\"summary_large_image\" \/>\n<meta name=\"twitter:label1\" content=\"Gesch\u00e4tzte Lesezeit\" \/>\n\t<meta name=\"twitter:data1\" content=\"4\u00a0Minuten\" \/>\n<!-- \/ Yoast SEO plugin. -->","yoast_head_json":{"title":"Mieten Sie den Aquila 54 Katamaran in Athen f\u00fcr einen unvergesslichen Griechenland-Urlaub","description":"Erleben Sie ultimativen Luxus und Komfort auf dem Aquila 54, einem exquisiten 16,5 m langen Katamaran, verf\u00fcgbar in Athen, Griechenland. Perfekt ausgestattet f\u00fcr Ihre Entspannung und Unterhaltung, bietet dieser Katamaran mit einer lokalen Crew ein authentisches griechisches Segelerlebnis. Ideal f\u00fcr anspruchsvolle G\u00e4ste, die das Inselhopping in Griechenland stilvoll genie\u00dfen m\u00f6chten, komplett mit modernen Annehmlichkeiten und einer Vielzahl an Wasserspielzeugen. Buchen Sie jetzt Ihren Traumurlaub auf dem Aquila 54 und entdecken Sie die Sch\u00f6nheit der griechischen Inselwelt.","robots":{"index":"index","follow":"follow","max-snippet":"max-snippet:-1","max-image-preview":"max-image-preview:large","max-video-preview":"max-video-preview:-1"},"canonical":"https:\/\/www.free-charter.com\/site\/de\/aquila-54-catamaran-zu-vermieten-in-griechenland\/","og_locale":"de_DE","og_type":"article","og_title":"Mieten Sie den Aquila 54 Katamaran in Athen f\u00fcr einen unvergesslichen Griechenland-Urlaub","og_description":"Erleben Sie ultimativen Luxus und Komfort auf dem Aquila 54, einem exquisiten 16,5 m langen Katamaran, verf\u00fcgbar in Athen, Griechenland. Perfekt ausgestattet f\u00fcr Ihre Entspannung und Unterhaltung, bietet dieser Katamaran mit einer lokalen Crew ein authentisches griechisches Segelerlebnis. Ideal f\u00fcr anspruchsvolle G\u00e4ste, die das Inselhopping in Griechenland stilvoll genie\u00dfen m\u00f6chten, komplett mit modernen Annehmlichkeiten und einer Vielzahl an Wasserspielzeugen. Buchen Sie jetzt Ihren Traumurlaub auf dem Aquila 54 und entdecken Sie die Sch\u00f6nheit der griechischen Inselwelt.","og_url":"https:\/\/www.free-charter.com\/site\/de\/aquila-54-catamaran-zu-vermieten-in-griechenland\/","og_site_name":"Free Charter - Sardegna","article_publisher":"https:\/\/www.facebook.com\/Free-Charter-105895906247290\/","article_modified_time":"2024-03-21T21:06:37+00:00","og_image":[{"width":1000,"height":631,"url":"https:\/\/www.free-charter.com\/site\/wp-content\/uploads\/2024\/01\/IM_EVID_Aquila54_ok.jpg","type":"image\/jpeg"}],"twitter_card":"summary_large_image","twitter_misc":{"Gesch\u00e4tzte Lesezeit":"4\u00a0Minuten"},"schema":{"@context":"https:\/\/schema.org","@graph":[{"@type":"WebPage","@id":"https:\/\/www.free-charter.com\/site\/de\/aquila-54-catamaran-zu-vermieten-in-griechenland\/","url":"https:\/\/www.free-charter.com\/site\/de\/aquila-54-catamaran-zu-vermieten-in-griechenland\/","name":"Mieten Sie den Aquila 54 Katamaran in Athen f\u00fcr einen unvergesslichen Griechenland-Urlaub","isPartOf":{"@id":"https:\/\/www.free-charter.com\/site\/de\/#website"},"primaryImageOfPage":{"@id":"https:\/\/www.free-charter.com\/site\/de\/aquila-54-catamaran-zu-vermieten-in-griechenland\/#primaryimage"},"image":{"@id":"https:\/\/www.free-charter.com\/site\/de\/aquila-54-catamaran-zu-vermieten-in-griechenland\/#primaryimage"},"thumbnailUrl":"https:\/\/www.free-charter.com\/site\/wp-content\/uploads\/2024\/01\/IM_EVID_Aquila54_ok.jpg","datePublished":"2023-12-20T11:20:44+00:00","dateModified":"2024-03-21T21:06:37+00:00","description":"Erleben Sie ultimativen Luxus und Komfort auf dem Aquila 54, einem exquisiten 16,5 m langen Katamaran, verf\u00fcgbar in Athen, Griechenland. Perfekt ausgestattet f\u00fcr Ihre Entspannung und Unterhaltung, bietet dieser Katamaran mit einer lokalen Crew ein authentisches griechisches Segelerlebnis. Ideal f\u00fcr anspruchsvolle G\u00e4ste, die das Inselhopping in Griechenland stilvoll genie\u00dfen m\u00f6chten, komplett mit modernen Annehmlichkeiten und einer Vielzahl an Wasserspielzeugen. Buchen Sie jetzt Ihren Traumurlaub auf dem Aquila 54 und entdecken Sie die Sch\u00f6nheit der griechischen Inselwelt.","inLanguage":"de","potentialAction":[{"@type":"ReadAction","target":["https:\/\/www.free-charter.com\/site\/de\/aquila-54-catamaran-zu-vermieten-in-griechenland\/"]}]},{"@type":"ImageObject","inLanguage":"de","@id":"https:\/\/www.free-charter.com\/site\/de\/aquila-54-catamaran-zu-vermieten-in-griechenland\/#primaryimage","url":"https:\/\/www.free-charter.com\/site\/wp-content\/uploads\/2024\/01\/IM_EVID_Aquila54_ok.jpg","contentUrl":"https:\/\/www.free-charter.com\/site\/wp-content\/uploads\/2024\/01\/IM_EVID_Aquila54_ok.jpg","width":1000,"height":631},{"@type":"WebSite","@id":"https:\/\/www.free-charter.com\/site\/de\/#website","url":"https:\/\/www.free-charter.com\/site\/de\/","name":"Free Charter - Sardegna","description":"Noleggio Imbarcazioni da diporto - Free Charter - Sardegna","publisher":{"@id":"https:\/\/www.free-charter.com\/site\/de\/#organization"},"potentialAction":[{"@type":"SearchAction","target":{"@type":"EntryPoint","urlTemplate":"https:\/\/www.free-charter.com\/site\/de\/?s={search_term_string}"},"query-input":{"@type":"PropertyValueSpecification","valueRequired":true,"valueName":"search_term_string"}}],"inLanguage":"de"},{"@type":"Organization","@id":"https:\/\/www.free-charter.com\/site\/de\/#organization","name":"Free Charter - Sardegna","url":"https:\/\/www.free-charter.com\/site\/de\/","logo":{"@type":"ImageObject","inLanguage":"de","@id":"https:\/\/www.free-charter.com\/site\/de\/#\/schema\/logo\/image\/","url":"https:\/\/www.free-charter.com\/site\/wp-content\/uploads\/2022\/03\/Logo-FC-2017.svg","contentUrl":"https:\/\/www.free-charter.com\/site\/wp-content\/uploads\/2022\/03\/Logo-FC-2017.svg","width":"1024","height":"1024","caption":"Free Charter - Sardegna"},"image":{"@id":"https:\/\/www.free-charter.com\/site\/de\/#\/schema\/logo\/image\/"},"sameAs":["https:\/\/www.facebook.com\/Free-Charter-105895906247290\/","https:\/\/www.free-charter.com\/site\/","https:\/\/www.youtube.com\/channel\/UCaLp2gl2X5MZUt6Ki0oDx3A"]}]}},"_links":{"self":[{"href":"https:\/\/www.free-charter.com\/site\/de\/wp-json\/wp\/v2\/pages\/59169","targetHints":{"allow":["GET"]}}],"collection":[{"href":"https:\/\/www.free-charter.com\/site\/de\/wp-json\/wp\/v2\/pages"}],"about":[{"href":"https:\/\/www.free-charter.com\/site\/de\/wp-json\/wp\/v2\/types\/page"}],"author":[{"embeddable":true,"href":"https:\/\/www.free-charter.com\/site\/de\/wp-json\/wp\/v2\/users\/2"}],"replies":[{"embeddable":true,"href":"https:\/\/www.free-charter.com\/site\/de\/wp-json\/wp\/v2\/comments?post=59169"}],"version-history":[{"count":10,"href":"https:\/\/www.free-charter.com\/site\/de\/wp-json\/wp\/v2\/pages\/59169\/revisions"}],"predecessor-version":[{"id":60282,"href":"https:\/\/www.free-charter.com\/site\/de\/wp-json\/wp\/v2\/pages\/59169\/revisions\/60282"}],"wp:featuredmedia":[{"embeddable":true,"href":"https:\/\/www.free-charter.com\/site\/de\/wp-json\/wp\/v2\/media\/59259"}],"wp:attachment":[{"href":"https:\/\/www.free-charter.com\/site\/de\/wp-json\/wp\/v2\/media?parent=59169"}],"wp:term":[{"taxonomy":"category","embeddable":true,"href":"https:\/\/www.free-charter.com\/site\/de\/wp-json\/wp\/v2\/categories?post=59169"},{"taxonomy":"post_tag","embeddable":true,"href":"https:\/\/www.free-charter.com\/site\/de\/wp-json\/wp\/v2\/tags?post=59169"}],"curies":[{"name":"wp","href":"https:\/\/api.w.org\/{rel}","templated":true}]}}