{"id":5839,"date":"2021-10-18T17:45:33","date_gmt":"2021-10-18T15:45:33","guid":{"rendered":"http:\/\/free-chartre.tameni.it\/site\/?page_id=5839"},"modified":"2025-11-17T18:03:06","modified_gmt":"2025-11-17T17:03:06","slug":"aquila-36-catamaran-charter-sardinien","status":"publish","type":"page","link":"https:\/\/www.free-charter.com\/site\/de\/aquila-36-catamaran-charter-sardinien\/","title":{"rendered":"Aquila 36 Sport: Luxus-Motor-Katamaran zum Mieten in Cannigione, Sardinien"},"content":{"rendered":"<p>[et_pb_section fb_built=&#8221;1&#8243; _builder_version=&#8221;4.16&#8243; global_colors_info=&#8221;{}&#8221;][et_pb_row _builder_version=&#8221;4.16&#8243; background_size=&#8221;initial&#8221; background_position=&#8221;top_left&#8221; background_repeat=&#8221;repeat&#8221; global_colors_info=&#8221;{}&#8221;][et_pb_column type=&#8221;4_4&#8243; _builder_version=&#8221;4.16&#8243; custom_padding=&#8221;|||&#8221; global_colors_info=&#8221;{}&#8221; custom_padding__hover=&#8221;|||&#8221;][et_pb_text _builder_version=&#8221;4.27.4&#8243; background_size=&#8221;initial&#8221; background_position=&#8221;top_left&#8221; background_repeat=&#8221;repeat&#8221; global_colors_info=&#8221;{}&#8221;]<\/p>\n<div id=\"metaslider-id-5774\" style=\"max-width: 1030px;\" class=\"ml-slider-3-62-0 metaslider metaslider-responsive metaslider-5774 ml-slider ms-theme-default\" role=\"region\" aria-roledescription=\"Slideshow\" aria-label=\"Aquila 36\">\n    <div id=\"metaslider_container_5774\">\n        <ul id='metaslider_5774' class='rslides'>\n            <li aria-roledescription='slide' aria-labelledby='slide-0'><img loading=\"lazy\" decoding=\"async\" src=\"https:\/\/www.free-charter.com\/site\/wp-content\/uploads\/2021\/10\/Copertina-sito-1-scaled-1030x650.jpg\" height=\"650\" width=\"1030\" alt=\"\" class=\"slider-5774 slide-5804\" title=\"Copertina sito\" \/><\/li>\n            <li style='display: none;' aria-roledescription='slide' aria-labelledby='slide-1'><img loading=\"lazy\" decoding=\"async\" src=\"https:\/\/www.free-charter.com\/site\/wp-content\/uploads\/2021\/10\/57202609-scaled-1030x650.jpg\" height=\"650\" width=\"1030\" alt=\"\" class=\"slider-5774 slide-5806\" title=\"57202609\" \/><\/li>\n            <li style='display: none;' aria-roledescription='slide' aria-labelledby='slide-2'><img loading=\"lazy\" decoding=\"async\" src=\"https:\/\/www.free-charter.com\/site\/wp-content\/uploads\/2021\/10\/57201392-scaled-1030x650.jpg\" height=\"650\" width=\"1030\" alt=\"\" class=\"slider-5774 slide-5808\" title=\"57201392\" \/><\/li>\n            <li style='display: none;' aria-roledescription='slide' aria-labelledby='slide-3'><img loading=\"lazy\" decoding=\"async\" src=\"https:\/\/www.free-charter.com\/site\/wp-content\/uploads\/2021\/10\/57204794-scaled-1030x650.jpg\" height=\"650\" width=\"1030\" alt=\"\" class=\"slider-5774 slide-5827\" title=\"57204794\" \/><\/li>\n            <li style='display: none;' aria-roledescription='slide' aria-labelledby='slide-4'><img loading=\"lazy\" decoding=\"async\" src=\"https:\/\/www.free-charter.com\/site\/wp-content\/uploads\/2021\/10\/57201824-scaled-1030x650.jpg\" height=\"650\" width=\"1030\" alt=\"\" class=\"slider-5774 slide-5807\" title=\"57201824\" \/><\/li>\n            <li style='display: none;' aria-roledescription='slide' aria-labelledby='slide-5'><img loading=\"lazy\" decoding=\"async\" src=\"https:\/\/www.free-charter.com\/site\/wp-content\/uploads\/2021\/10\/2019-02-Aquila-308840-scaled-1030x650.jpg\" height=\"650\" width=\"1030\" alt=\"\" class=\"slider-5774 slide-5810\" title=\"2019-02-Aquila-308840\" \/><\/li>\n            <li style='display: none;' aria-roledescription='slide' aria-labelledby='slide-6'><img loading=\"lazy\" decoding=\"async\" src=\"https:\/\/www.free-charter.com\/site\/wp-content\/uploads\/2021\/10\/2019-02-Aquila-308293-scaled-1030x650.jpg\" height=\"650\" width=\"1030\" alt=\"\" class=\"slider-5774 slide-5811\" title=\"2019-02-Aquila-308293\" \/><\/li>\n            <li style='display: none;' aria-roledescription='slide' aria-labelledby='slide-7'><img loading=\"lazy\" decoding=\"async\" src=\"https:\/\/www.free-charter.com\/site\/wp-content\/uploads\/2021\/10\/2019-02-Aquila-0886_EDIT-scaled-1030x650.jpg\" height=\"650\" width=\"1030\" alt=\"\" class=\"slider-5774 slide-5805\" title=\"2019-02-Aquila-0886_EDIT\" \/><\/li>\n            <li style='display: none;' aria-roledescription='slide' aria-labelledby='slide-8'><img loading=\"lazy\" decoding=\"async\" src=\"https:\/\/www.free-charter.com\/site\/wp-content\/uploads\/2021\/10\/57204712-scaled-1030x650.jpg\" height=\"650\" width=\"1030\" alt=\"\" class=\"slider-5774 slide-5829\" title=\"57204712\" \/><\/li>\n            <li style='display: none;' aria-roledescription='slide' aria-labelledby='slide-9'><img loading=\"lazy\" decoding=\"async\" src=\"https:\/\/www.free-charter.com\/site\/wp-content\/uploads\/2021\/10\/2019-02-Aquila-307896-scaled-1030x650.jpg\" height=\"650\" width=\"1030\" alt=\"\" class=\"slider-5774 slide-5812\" title=\"2019-02-Aquila-307896\" \/><\/li>\n            <li style='display: none;' aria-roledescription='slide' aria-labelledby='slide-10'><img loading=\"lazy\" decoding=\"async\" src=\"https:\/\/www.free-charter.com\/site\/wp-content\/uploads\/2021\/10\/2019-02-Aquila-308201-scaled-1030x650.jpg\" height=\"650\" width=\"1030\" alt=\"\" class=\"slider-5774 slide-5813\" title=\"2019-02-Aquila-308201\" \/><\/li>\n            <li style='display: none;' aria-roledescription='slide' aria-labelledby='slide-11'><img loading=\"lazy\" decoding=\"async\" src=\"https:\/\/www.free-charter.com\/site\/wp-content\/uploads\/2021\/10\/57204777-scaled-1030x650.jpg\" height=\"650\" width=\"1030\" alt=\"\" class=\"slider-5774 slide-5828\" title=\"57204777\" \/><\/li>\n            <li style='display: none;' aria-roledescription='slide' aria-labelledby='slide-12'><img loading=\"lazy\" decoding=\"async\" src=\"https:\/\/www.free-charter.com\/site\/wp-content\/uploads\/2021\/10\/57204470-scaled-1030x650.jpg\" height=\"650\" width=\"1030\" alt=\"\" class=\"slider-5774 slide-5821\" title=\"57204470\" \/><\/li>\n            <li style='display: none;' aria-roledescription='slide' aria-labelledby='slide-13'><img loading=\"lazy\" decoding=\"async\" src=\"https:\/\/www.free-charter.com\/site\/wp-content\/uploads\/2021\/10\/57204484-scaled-1030x650.jpg\" height=\"650\" width=\"1030\" alt=\"\" class=\"slider-5774 slide-5824\" title=\"57204484\" \/><\/li>\n            <li style='display: none;' aria-roledescription='slide' aria-labelledby='slide-14'><img loading=\"lazy\" decoding=\"async\" src=\"https:\/\/www.free-charter.com\/site\/wp-content\/uploads\/2021\/10\/AQ36-Interior-2017-1030x650.png\" height=\"650\" width=\"1030\" alt=\"\" class=\"slider-5774 slide-5832\" title=\"AQ36-Interior-2017\" \/><\/li>\n        <\/ul>\n        \n    <\/div>\n<\/div>\n<h1>Aquila 36 Sport: Luxus-Motor-Katamaran zum Mieten in Cannigione, Sardinien<\/h1>\n<p style=\"text-align: justify;\">Ein Prestige-Katamaran in Cannigione. Entdecken Sie das Vergn\u00fcgen, den Aquila 36 Sport zu mieten, einen Motor-Katamaran, der ideal f\u00fcr einen Urlaub am Meer voller Spa\u00df in Cannigione, im Herzen von Nord-Sardinien, ist. Mit zwei ger\u00e4umigen Doppelkabinen und zwei voll ausgestatteten Badezimmern kombiniert der Aquila 36 sportliche Leistung mit au\u00dfergew\u00f6hnlichem Komfort  <\/p>\n<h2>Innovative R\u00e4ume und Komfort im Freien<\/h2>\n<p style=\"text-align: justify;\">Der Heckbereich des Aquila 36 ist ein echtes Wohnzimmer auf dem Meer, entworfen, um Dynamik und Komfort zu bieten, mit gro\u00dfz\u00fcgigen Sitzgelegenheiten, die in Sonnenliegen verwandelt werden k\u00f6nnen, sowie einer praktischen Einheit mit einem externen K\u00fchlschrank und BBQ. Unter dem imposanten Hard Top finden Sie eine ger\u00e4umige K\u00fcche und einen Tisch, der bis zu 10 G\u00e4ste beherbergen kann, w\u00e4hrend der vordere Salon weiteren Raum f\u00fcr Entspannung und Spa\u00df in der Sonne bietet. <\/p>\n<h2>Elegante Innenr\u00e4ume und au\u00dfergew\u00f6hnliche Funktionalit\u00e4t<\/h2>\n<p style=\"text-align: justify;\">Im Inneren trifft Eleganz auf Funktionalit\u00e4t: luxuri\u00f6se Doppelkabinen mit privaten Badezimmern, ein raffiniertes und helles Design dank gro\u00dfer Fenster, das unvergleichliche Privatsph\u00e4re und Komfort bietet, typisch f\u00fcr einen Katamaran, der f\u00fcr jedes Rumpf eine eigene Kabine garantiert.<\/p>\n<h2>Ausstattung f\u00fcr ein unvergessliches Erlebnis<\/h2>\n<p style=\"text-align: justify;\">Ausgestattet mit einem Manoeuvre-Joystick, Skyhook, Klimaanlage und Generator garantiert der Aquila 36 Sport eine einfache Navigation und ein m\u00fcheloses Anlegen, wodurch Ihr Tagesausflug oder Tagescharter zu einem unvergesslichen Erlebnis wird.<\/p>\n<h2>Ma\u00dfgeschneiderte Events<\/h2>\n<p style=\"text-align: justify;\">Passen Sie Ihr Event an Bord des Aquila 36 Sport mit Hilfe unserer erfahrenen Organisatorin an: Jedes Detail wird sorgf\u00e4ltig gestaltet, um jeden Ihrer W\u00fcnsche zu erf\u00fcllen, und macht jeden Moment an Bord absolut einzigartig<\/p>\n<p>&nbsp;<\/p>\n<p style=\"text-align: left;\"><strong> <i class=\"fa-solid fa-anchor\"><\/i> Verf\u00fcgbar zur Tagesvermietung in Sardinien<\/strong><\/p>\n<p style=\"text-align: left;\"><strong> <a href=\"https:\/\/www.free-charter.com\/site\/wp-content\/uploads\/2024\/03\/AQUILA36-1.pdf\">LADEN SIE DAS PDF MIT DEM TAGESITINERAR HERUNTER<\/a><\/strong><\/p>\n<p style=\"text-align: justify;\">[\/et_pb_text][et_pb_video src=&#8221;https:\/\/youtu.be\/u-z_rm3-Ot0&#8243; _builder_version=&#8221;4.23.1&#8243; _module_preset=&#8221;default&#8221; global_colors_info=&#8221;{}&#8221;][\/et_pb_video][et_pb_cta title=&#8221;Sind Sie bereit f\u00fcr ein unvergessliches Erlebnis?&#8221; button_url=&#8221;https:\/\/www.free-charter.com\/site\/de\/kontakte\/&#8221; button_text=&#8221;Contact us&#8221; _builder_version=&#8221;4.27.4&#8243; _module_preset=&#8221;default&#8221; global_colors_info=&#8221;{}&#8221;]<\/p>\n<p class=\"p1\">Kontaktieren Sie uns, um die Aquila 36 Sport zu buchen und entdecken Sie die Sch\u00f6nheit der Costa Smeralda vom Meer aus.<\/p>\n<p>[\/et_pb_cta][\/et_pb_column][\/et_pb_row][\/et_pb_section]<\/p>\n","protected":false},"excerpt":{"rendered":"<p><div id=\"metaslider-id-5774\" style=\"max-width: 1030px;\" class=\"ml-slider-3-62-0 metaslider metaslider-responsive metaslider-5774 ml-slider ms-theme-default\" role=\"region\" aria-roledescription=\"Slideshow\" aria-label=\"Aquila 36\">\n    <div id=\"metaslider_container_5774\">\n        <ul id='metaslider_5774' class='rslides'>\n            <li aria-roledescription='slide' aria-labelledby='slide-0'><img loading=\"lazy\" decoding=\"async\" src=\"https:\/\/www.free-charter.com\/site\/wp-content\/uploads\/2021\/10\/Copertina-sito-1-scaled-1030x650.jpg\" height=\"650\" width=\"1030\" alt=\"\" class=\"slider-5774 slide-5804\" title=\"Copertina sito\" \/><\/li>\n            <li style='display: none;' aria-roledescription='slide' aria-labelledby='slide-1'><img loading=\"lazy\" decoding=\"async\" src=\"https:\/\/www.free-charter.com\/site\/wp-content\/uploads\/2021\/10\/57202609-scaled-1030x650.jpg\" height=\"650\" width=\"1030\" alt=\"\" class=\"slider-5774 slide-5806\" title=\"57202609\" \/><\/li>\n            <li style='display: none;' aria-roledescription='slide' aria-labelledby='slide-2'><img loading=\"lazy\" decoding=\"async\" src=\"https:\/\/www.free-charter.com\/site\/wp-content\/uploads\/2021\/10\/57201392-scaled-1030x650.jpg\" height=\"650\" width=\"1030\" alt=\"\" class=\"slider-5774 slide-5808\" title=\"57201392\" \/><\/li>\n            <li style='display: none;' aria-roledescription='slide' aria-labelledby='slide-3'><img loading=\"lazy\" decoding=\"async\" src=\"https:\/\/www.free-charter.com\/site\/wp-content\/uploads\/2021\/10\/57204794-scaled-1030x650.jpg\" height=\"650\" width=\"1030\" alt=\"\" class=\"slider-5774 slide-5827\" title=\"57204794\" \/><\/li>\n            <li style='display: none;' aria-roledescription='slide' aria-labelledby='slide-4'><img loading=\"lazy\" decoding=\"async\" src=\"https:\/\/www.free-charter.com\/site\/wp-content\/uploads\/2021\/10\/57201824-scaled-1030x650.jpg\" height=\"650\" width=\"1030\" alt=\"\" class=\"slider-5774 slide-5807\" title=\"57201824\" \/><\/li>\n            <li style='display: none;' aria-roledescription='slide' aria-labelledby='slide-5'><img loading=\"lazy\" decoding=\"async\" src=\"https:\/\/www.free-charter.com\/site\/wp-content\/uploads\/2021\/10\/2019-02-Aquila-308840-scaled-1030x650.jpg\" height=\"650\" width=\"1030\" alt=\"\" class=\"slider-5774 slide-5810\" title=\"2019-02-Aquila-308840\" \/><\/li>\n            <li style='display: none;' aria-roledescription='slide' aria-labelledby='slide-6'><img loading=\"lazy\" decoding=\"async\" src=\"https:\/\/www.free-charter.com\/site\/wp-content\/uploads\/2021\/10\/2019-02-Aquila-308293-scaled-1030x650.jpg\" height=\"650\" width=\"1030\" alt=\"\" class=\"slider-5774 slide-5811\" title=\"2019-02-Aquila-308293\" \/><\/li>\n            <li style='display: none;' aria-roledescription='slide' aria-labelledby='slide-7'><img loading=\"lazy\" decoding=\"async\" src=\"https:\/\/www.free-charter.com\/site\/wp-content\/uploads\/2021\/10\/2019-02-Aquila-0886_EDIT-scaled-1030x650.jpg\" height=\"650\" width=\"1030\" alt=\"\" class=\"slider-5774 slide-5805\" title=\"2019-02-Aquila-0886_EDIT\" \/><\/li>\n            <li style='display: none;' aria-roledescription='slide' aria-labelledby='slide-8'><img loading=\"lazy\" decoding=\"async\" src=\"https:\/\/www.free-charter.com\/site\/wp-content\/uploads\/2021\/10\/57204712-scaled-1030x650.jpg\" height=\"650\" width=\"1030\" alt=\"\" class=\"slider-5774 slide-5829\" title=\"57204712\" \/><\/li>\n            <li style='display: none;' aria-roledescription='slide' aria-labelledby='slide-9'><img loading=\"lazy\" decoding=\"async\" src=\"https:\/\/www.free-charter.com\/site\/wp-content\/uploads\/2021\/10\/2019-02-Aquila-307896-scaled-1030x650.jpg\" height=\"650\" width=\"1030\" alt=\"\" class=\"slider-5774 slide-5812\" title=\"2019-02-Aquila-307896\" \/><\/li>\n            <li style='display: none;' aria-roledescription='slide' aria-labelledby='slide-10'><img loading=\"lazy\" decoding=\"async\" src=\"https:\/\/www.free-charter.com\/site\/wp-content\/uploads\/2021\/10\/2019-02-Aquila-308201-scaled-1030x650.jpg\" height=\"650\" width=\"1030\" alt=\"\" class=\"slider-5774 slide-5813\" title=\"2019-02-Aquila-308201\" \/><\/li>\n            <li style='display: none;' aria-roledescription='slide' aria-labelledby='slide-11'><img loading=\"lazy\" decoding=\"async\" src=\"https:\/\/www.free-charter.com\/site\/wp-content\/uploads\/2021\/10\/57204777-scaled-1030x650.jpg\" height=\"650\" width=\"1030\" alt=\"\" class=\"slider-5774 slide-5828\" title=\"57204777\" \/><\/li>\n            <li style='display: none;' aria-roledescription='slide' aria-labelledby='slide-12'><img loading=\"lazy\" decoding=\"async\" src=\"https:\/\/www.free-charter.com\/site\/wp-content\/uploads\/2021\/10\/57204470-scaled-1030x650.jpg\" height=\"650\" width=\"1030\" alt=\"\" class=\"slider-5774 slide-5821\" title=\"57204470\" \/><\/li>\n            <li style='display: none;' aria-roledescription='slide' aria-labelledby='slide-13'><img loading=\"lazy\" decoding=\"async\" src=\"https:\/\/www.free-charter.com\/site\/wp-content\/uploads\/2021\/10\/57204484-scaled-1030x650.jpg\" height=\"650\" width=\"1030\" alt=\"\" class=\"slider-5774 slide-5824\" title=\"57204484\" \/><\/li>\n            <li style='display: none;' aria-roledescription='slide' aria-labelledby='slide-14'><img loading=\"lazy\" decoding=\"async\" src=\"https:\/\/www.free-charter.com\/site\/wp-content\/uploads\/2021\/10\/AQ36-Interior-2017-1030x650.png\" height=\"650\" width=\"1030\" alt=\"\" class=\"slider-5774 slide-5832\" title=\"AQ36-Interior-2017\" \/><\/li>\n        <\/ul>\n        \n    <\/div>\n<\/div> Aquila 36 Sport: Luxus-Motor-Katamaran zum Mieten in Cannigione, Sardinien Ein Prestige-Katamaran in Cannigione. Entdecken Sie das Vergn\u00fcgen, den Aquila 36 Sport zu mieten, einen Motor-Katamaran, der ideal f\u00fcr einen Urlaub am Meer voller Spa\u00df in Cannigione, im Herzen von Nord-Sardinien, ist. Mit zwei ger\u00e4umigen Doppelkabinen und zwei voll ausgestatteten Badezimmern kombiniert der Aquila [&hellip;]<\/p>\n","protected":false},"author":1,"featured_media":5773,"parent":0,"menu_order":0,"comment_status":"closed","ping_status":"closed","template":"","meta":{"_et_pb_use_builder":"on","_et_pb_old_content":"","_et_gb_content_width":"","inline_featured_image":false,"footnotes":""},"categories":[326,328,329,207],"tags":[372,373,371],"class_list":["post-5839","page","type-page","status-publish","has-post-thumbnail","hentry","category-die-flotte","category-highlight","category-katamaran","category-taegliche-motoyacht","tag-day-cruise-de","tag-day-cruiser-de","tag-daycruise-de"],"yoast_head":"<!-- This site is optimized with the Yoast SEO plugin v24.0 - https:\/\/yoast.com\/wordpress\/plugins\/seo\/ -->\n<title>Aquila 36 Sport: Motor-Katamaran zum Mieten auf Sardinien<\/title>\n<meta name=\"description\" content=\"Mieten Sie die Aquila 36 Sport auf Sardinien: ein luxuri\u00f6ser Motor-Katamaran mit 2 Kabinen, ideal f\u00fcr Tagesausfl\u00fcge und exklusive Wochenenden.\" \/>\n<meta name=\"robots\" content=\"index, follow, max-snippet:-1, max-image-preview:large, max-video-preview:-1\" \/>\n<link rel=\"canonical\" href=\"https:\/\/www.free-charter.com\/site\/de\/aquila-36-catamaran-charter-sardinien\/\" \/>\n<meta property=\"og:locale\" content=\"de_DE\" \/>\n<meta property=\"og:type\" content=\"article\" \/>\n<meta property=\"og:title\" content=\"Aquila 36 Sport: Motor-Katamaran zum Mieten auf Sardinien\" \/>\n<meta property=\"og:description\" content=\"Mieten Sie die Aquila 36 Sport auf Sardinien: ein luxuri\u00f6ser Motor-Katamaran mit 2 Kabinen, ideal f\u00fcr Tagesausfl\u00fcge und exklusive Wochenenden.\" \/>\n<meta property=\"og:url\" content=\"https:\/\/www.free-charter.com\/site\/de\/aquila-36-catamaran-charter-sardinien\/\" \/>\n<meta property=\"og:site_name\" content=\"Free Charter - Sardegna\" \/>\n<meta property=\"article:publisher\" content=\"https:\/\/www.facebook.com\/Free-Charter-105895906247290\/\" \/>\n<meta property=\"article:modified_time\" content=\"2025-11-17T17:03:06+00:00\" \/>\n<meta property=\"og:image\" content=\"https:\/\/www.free-charter.com\/site\/wp-content\/uploads\/2021\/10\/Copertina-sito-1-scaled.jpg\" \/>\n\t<meta property=\"og:image:width\" content=\"2560\" \/>\n\t<meta property=\"og:image:height\" content=\"1809\" \/>\n\t<meta property=\"og:image:type\" content=\"image\/jpeg\" \/>\n<meta name=\"twitter:card\" content=\"summary_large_image\" \/>\n<meta name=\"twitter:label1\" content=\"Gesch\u00e4tzte Lesezeit\" \/>\n\t<meta name=\"twitter:data1\" content=\"5\u00a0Minuten\" \/>\n<!-- \/ Yoast SEO plugin. -->","yoast_head_json":{"title":"Aquila 36 Sport: Motor-Katamaran zum Mieten auf Sardinien","description":"Mieten Sie die Aquila 36 Sport auf Sardinien: ein luxuri\u00f6ser Motor-Katamaran mit 2 Kabinen, ideal f\u00fcr Tagesausfl\u00fcge und exklusive Wochenenden.","robots":{"index":"index","follow":"follow","max-snippet":"max-snippet:-1","max-image-preview":"max-image-preview:large","max-video-preview":"max-video-preview:-1"},"canonical":"https:\/\/www.free-charter.com\/site\/de\/aquila-36-catamaran-charter-sardinien\/","og_locale":"de_DE","og_type":"article","og_title":"Aquila 36 Sport: Motor-Katamaran zum Mieten auf Sardinien","og_description":"Mieten Sie die Aquila 36 Sport auf Sardinien: ein luxuri\u00f6ser Motor-Katamaran mit 2 Kabinen, ideal f\u00fcr Tagesausfl\u00fcge und exklusive Wochenenden.","og_url":"https:\/\/www.free-charter.com\/site\/de\/aquila-36-catamaran-charter-sardinien\/","og_site_name":"Free Charter - Sardegna","article_publisher":"https:\/\/www.facebook.com\/Free-Charter-105895906247290\/","article_modified_time":"2025-11-17T17:03:06+00:00","og_image":[{"width":2560,"height":1809,"url":"https:\/\/www.free-charter.com\/site\/wp-content\/uploads\/2021\/10\/Copertina-sito-1-scaled.jpg","type":"image\/jpeg"}],"twitter_card":"summary_large_image","twitter_misc":{"Gesch\u00e4tzte Lesezeit":"5\u00a0Minuten"},"schema":{"@context":"https:\/\/schema.org","@graph":[{"@type":"WebPage","@id":"https:\/\/www.free-charter.com\/site\/de\/aquila-36-catamaran-charter-sardinien\/","url":"https:\/\/www.free-charter.com\/site\/de\/aquila-36-catamaran-charter-sardinien\/","name":"Aquila 36 Sport: Motor-Katamaran zum Mieten auf Sardinien","isPartOf":{"@id":"https:\/\/www.free-charter.com\/site\/de\/#website"},"primaryImageOfPage":{"@id":"https:\/\/www.free-charter.com\/site\/de\/aquila-36-catamaran-charter-sardinien\/#primaryimage"},"image":{"@id":"https:\/\/www.free-charter.com\/site\/de\/aquila-36-catamaran-charter-sardinien\/#primaryimage"},"thumbnailUrl":"https:\/\/www.free-charter.com\/site\/wp-content\/uploads\/2021\/10\/Copertina-sito-1-scaled.jpg","datePublished":"2021-10-18T15:45:33+00:00","dateModified":"2025-11-17T17:03:06+00:00","description":"Mieten Sie die Aquila 36 Sport auf Sardinien: ein luxuri\u00f6ser Motor-Katamaran mit 2 Kabinen, ideal f\u00fcr Tagesausfl\u00fcge und exklusive Wochenenden.","inLanguage":"de","potentialAction":[{"@type":"ReadAction","target":["https:\/\/www.free-charter.com\/site\/de\/aquila-36-catamaran-charter-sardinien\/"]}]},{"@type":"ImageObject","inLanguage":"de","@id":"https:\/\/www.free-charter.com\/site\/de\/aquila-36-catamaran-charter-sardinien\/#primaryimage","url":"https:\/\/www.free-charter.com\/site\/wp-content\/uploads\/2021\/10\/Copertina-sito-1-scaled.jpg","contentUrl":"https:\/\/www.free-charter.com\/site\/wp-content\/uploads\/2021\/10\/Copertina-sito-1-scaled.jpg","width":2560,"height":1809},{"@type":"WebSite","@id":"https:\/\/www.free-charter.com\/site\/de\/#website","url":"https:\/\/www.free-charter.com\/site\/de\/","name":"Free Charter - Sardegna","description":"Noleggio Imbarcazioni da diporto - Free Charter - Sardegna","publisher":{"@id":"https:\/\/www.free-charter.com\/site\/de\/#organization"},"potentialAction":[{"@type":"SearchAction","target":{"@type":"EntryPoint","urlTemplate":"https:\/\/www.free-charter.com\/site\/de\/?s={search_term_string}"},"query-input":{"@type":"PropertyValueSpecification","valueRequired":true,"valueName":"search_term_string"}}],"inLanguage":"de"},{"@type":"Organization","@id":"https:\/\/www.free-charter.com\/site\/de\/#organization","name":"Free Charter - Sardegna","url":"https:\/\/www.free-charter.com\/site\/de\/","logo":{"@type":"ImageObject","inLanguage":"de","@id":"https:\/\/www.free-charter.com\/site\/de\/#\/schema\/logo\/image\/","url":"https:\/\/www.free-charter.com\/site\/wp-content\/uploads\/2022\/03\/Logo-FC-2017.svg","contentUrl":"https:\/\/www.free-charter.com\/site\/wp-content\/uploads\/2022\/03\/Logo-FC-2017.svg","width":"1024","height":"1024","caption":"Free Charter - Sardegna"},"image":{"@id":"https:\/\/www.free-charter.com\/site\/de\/#\/schema\/logo\/image\/"},"sameAs":["https:\/\/www.facebook.com\/Free-Charter-105895906247290\/","https:\/\/www.free-charter.com\/site\/","https:\/\/www.youtube.com\/channel\/UCaLp2gl2X5MZUt6Ki0oDx3A"]}]}},"_links":{"self":[{"href":"https:\/\/www.free-charter.com\/site\/de\/wp-json\/wp\/v2\/pages\/5839","targetHints":{"allow":["GET"]}}],"collection":[{"href":"https:\/\/www.free-charter.com\/site\/de\/wp-json\/wp\/v2\/pages"}],"about":[{"href":"https:\/\/www.free-charter.com\/site\/de\/wp-json\/wp\/v2\/types\/page"}],"author":[{"embeddable":true,"href":"https:\/\/www.free-charter.com\/site\/de\/wp-json\/wp\/v2\/users\/1"}],"replies":[{"embeddable":true,"href":"https:\/\/www.free-charter.com\/site\/de\/wp-json\/wp\/v2\/comments?post=5839"}],"version-history":[{"count":34,"href":"https:\/\/www.free-charter.com\/site\/de\/wp-json\/wp\/v2\/pages\/5839\/revisions"}],"predecessor-version":[{"id":62044,"href":"https:\/\/www.free-charter.com\/site\/de\/wp-json\/wp\/v2\/pages\/5839\/revisions\/62044"}],"wp:featuredmedia":[{"embeddable":true,"href":"https:\/\/www.free-charter.com\/site\/de\/wp-json\/wp\/v2\/media\/5773"}],"wp:attachment":[{"href":"https:\/\/www.free-charter.com\/site\/de\/wp-json\/wp\/v2\/media?parent=5839"}],"wp:term":[{"taxonomy":"category","embeddable":true,"href":"https:\/\/www.free-charter.com\/site\/de\/wp-json\/wp\/v2\/categories?post=5839"},{"taxonomy":"post_tag","embeddable":true,"href":"https:\/\/www.free-charter.com\/site\/de\/wp-json\/wp\/v2\/tags?post=5839"}],"curies":[{"name":"wp","href":"https:\/\/api.w.org\/{rel}","templated":true}]}}