{"id":55934,"date":"2018-05-15T18:51:23","date_gmt":"2018-05-15T16:51:23","guid":{"rendered":"http:\/\/www.free-charter.com\/site\/canados-72-zu-vermieten-in-sardinien\/"},"modified":"2025-11-06T10:00:11","modified_gmt":"2025-11-06T09:00:11","slug":"canados-72-zu-vermieten-in-sardinien","status":"publish","type":"page","link":"https:\/\/www.free-charter.com\/site\/de\/canados-72-zu-vermieten-in-sardinien\/","title":{"rendered":"Canados 72 zu vermieten in Sardinien"},"content":{"rendered":"<div class=\"page\" title=\"Page 2\">\n<div class=\"section\">\n<div class=\"layoutArea\">\n<div class=\"column\">\n<p style=\"text-align: justify;\"><div id=\"metaslider-id-3183\" style=\"max-width: 1030px;\" class=\"ml-slider-3-62-0 metaslider metaslider-responsive metaslider-3183 ml-slider ms-theme-default\" role=\"region\" aria-roledescription=\"Slideshow\" aria-label=\"Canados 72\">\n    <div id=\"metaslider_container_3183\">\n        <ul id='metaslider_3183' class='rslides'>\n            <li aria-roledescription='slide' aria-labelledby='slide-0'><img loading=\"lazy\" decoding=\"async\" src=\"https:\/\/www.free-charter.com\/site\/wp-content\/uploads\/2018\/05\/1-887x560.jpg\" height=\"650\" width=\"1030\" alt=\"\" class=\"slider-3183 slide-3184\" \/><\/li>\n            <li style='display: none;' aria-roledescription='slide' aria-labelledby='slide-1'><img loading=\"lazy\" decoding=\"async\" src=\"https:\/\/www.free-charter.com\/site\/wp-content\/uploads\/2022\/04\/KJEX7165-1-1030x650.jpg\" height=\"650\" width=\"1030\" alt=\"\" class=\"slider-3183 slide-57097\" title=\"KJEX7165 (1)\" \/><\/li>\n            <li style='display: none;' aria-roledescription='slide' aria-labelledby='slide-2'><img loading=\"lazy\" decoding=\"async\" src=\"https:\/\/www.free-charter.com\/site\/wp-content\/uploads\/2022\/04\/PHOTO-2019-06-22-15-06-23-1030x650.jpg\" height=\"650\" width=\"1030\" alt=\"\" class=\"slider-3183 slide-57100\" title=\"PHOTO-2019-06-22-15-06-23\" \/><\/li>\n            <li style='display: none;' aria-roledescription='slide' aria-labelledby='slide-3'><img loading=\"lazy\" decoding=\"async\" src=\"https:\/\/www.free-charter.com\/site\/wp-content\/uploads\/2022\/04\/PHOTO-2019-06-22-15-06-22-1030x650.jpg\" height=\"650\" width=\"1030\" alt=\"\" class=\"slider-3183 slide-57099\" title=\"PHOTO-2019-06-22-15-06-22\" \/><\/li>\n            <li style='display: none;' aria-roledescription='slide' aria-labelledby='slide-4'><img loading=\"lazy\" decoding=\"async\" src=\"https:\/\/www.free-charter.com\/site\/wp-content\/uploads\/2022\/04\/PHOTO-2019-06-22-15-06-22-1-1030x650.jpg\" height=\"650\" width=\"1030\" alt=\"\" class=\"slider-3183 slide-57098\" title=\"PHOTO-2019-06-22-15-06-22 (1)\" \/><\/li>\n            <li style='display: none;' aria-roledescription='slide' aria-labelledby='slide-5'><img loading=\"lazy\" decoding=\"async\" src=\"https:\/\/www.free-charter.com\/site\/wp-content\/uploads\/2018\/05\/3-869x549.jpg\" height=\"650\" width=\"1030\" alt=\"\" class=\"slider-3183 slide-3186\" \/><\/li>\n            <li style='display: none;' aria-roledescription='slide' aria-labelledby='slide-6'><img loading=\"lazy\" decoding=\"async\" src=\"https:\/\/www.free-charter.com\/site\/wp-content\/uploads\/2018\/05\/5-899x567.png\" height=\"650\" width=\"1030\" alt=\"\" class=\"slider-3183 slide-3188\" \/><\/li>\n            <li style='display: none;' aria-roledescription='slide' aria-labelledby='slide-7'><img loading=\"lazy\" decoding=\"async\" src=\"https:\/\/www.free-charter.com\/site\/wp-content\/uploads\/2018\/05\/2-1024x646.jpg\" height=\"650\" width=\"1030\" alt=\"\" class=\"slider-3183 slide-3185\" \/><\/li>\n            <li style='display: none;' aria-roledescription='slide' aria-labelledby='slide-8'><img loading=\"lazy\" decoding=\"async\" src=\"https:\/\/www.free-charter.com\/site\/wp-content\/uploads\/2018\/05\/back-871x550.jpg\" height=\"650\" width=\"1030\" alt=\"\" class=\"slider-3183 slide-3192\" \/><\/li>\n            <li style='display: none;' aria-roledescription='slide' aria-labelledby='slide-9'><img loading=\"lazy\" decoding=\"async\" src=\"https:\/\/www.free-charter.com\/site\/wp-content\/uploads\/2018\/05\/8-869x549.jpg\" height=\"650\" width=\"1030\" alt=\"\" class=\"slider-3183 slide-3191\" \/><\/li>\n            <li style='display: none;' aria-roledescription='slide' aria-labelledby='slide-10'><img loading=\"lazy\" decoding=\"async\" src=\"https:\/\/www.free-charter.com\/site\/wp-content\/uploads\/2018\/05\/7-1030x650.png\" height=\"650\" width=\"1030\" alt=\"\" class=\"slider-3183 slide-3190\" \/><\/li>\n            <li style='display: none;' aria-roledescription='slide' aria-labelledby='slide-11'><img loading=\"lazy\" decoding=\"async\" src=\"https:\/\/www.free-charter.com\/site\/wp-content\/uploads\/2018\/05\/6-869x549.jpg\" height=\"650\" width=\"1030\" alt=\"\" class=\"slider-3183 slide-3189\" \/><\/li>\n            <li style='display: none;' aria-roledescription='slide' aria-labelledby='slide-12'><img loading=\"lazy\" decoding=\"async\" src=\"https:\/\/www.free-charter.com\/site\/wp-content\/uploads\/2018\/05\/layout-770x486.jpg\" height=\"650\" width=\"1030\" alt=\"\" class=\"slider-3183 slide-3193\" \/><\/li>\n        <\/ul>\n        \n    <\/div>\n<\/div><\/p>\n<p style=\"text-align: justify;\">CANADOS 72. Yacht mit Crew zur Miete in Sardinien. Die Canados 72 ist eine prestigetr\u00e4chtige Yacht mit eleganten Linien, die Luxus und Qualit\u00e4t ausstrahlt. Au\u00dfen bietet sie ein pr\u00e4chtiges Flybridge, das die Yacht dominiert, mit einem gro\u00dfen Tisch f\u00fcr acht Personen, einem gro\u00dfz\u00fcgigen Sonnenschutz, bequemen Polsterauflagen und einer Au\u00dfenk\u00fcche. Der ger\u00e4umige Bug ist mit einzigartigen Polstern ausgestattet, die Sie unter den Sonnenstrahlen verw\u00f6hnen werden. Unter Deck befinden sich vier komfortable Suiten, jede mit eigenem Bad. Es gibt eine beeindruckende Eignerkabine mit einem Kingsize-Doppelbett und einem privaten Bad mit Duschkabine sowie eine exklusive VIP-Kabine mit eigenem Bad. Zudem stehen zwei weitere ger\u00e4umige Kabinen (eine davon eine Dreibettkabine) zur Verf\u00fcgung, die jeweils mit einem Bad und einer Dusche ausgestattet sind. Der Grundriss wird durch einen beeindruckenden Salon mit einem gro\u00dfen Esstisch und eine ger\u00e4umige K\u00fcche in der Schiffsmitte erg\u00e4nzt, die mit allem ausgestattet ist, um Gourmetgerichte zuzubereiten.<br \/>An Bord unserer Canados 72 werden Sie von einer erfahrenen und professionellen Crew begr\u00fc\u00dft, die alle Ihre Bed\u00fcrfnisse erf\u00fcllen wird. Eine beneidenswerte Charter-Yacht, ausgestattet mit Extras wie Generator, Klimaanlage, Wasser-Spielzeugen und einer separaten Crew-Kabine mit eigenem Bad und unabh\u00e4ngigem Zugang.          <\/p>\n<\/div>\n<\/div>\n<\/div>\n<\/div>\n","protected":false},"excerpt":{"rendered":"<p>CANADOS 72. Yacht mit Crew zur Miete in Sardinien. Die Canados 72 ist eine prestigetr\u00e4chtige Yacht mit eleganten Linien, die Luxus und Qualit\u00e4t ausstrahlt. Au\u00dfen bietet sie ein pr\u00e4chtiges Flybridge, das die Yacht dominiert, mit einem gro\u00dfen Tisch f\u00fcr acht Personen, einem gro\u00dfz\u00fcgigen Sonnenschutz, bequemen Polsterauflagen und einer Au\u00dfenk\u00fcche. Der ger\u00e4umige Bug ist mit einzigartigen [&hellip;]<\/p>\n","protected":false},"author":1,"featured_media":55935,"parent":0,"menu_order":0,"comment_status":"closed","ping_status":"closed","template":"","meta":{"_et_pb_use_builder":"","_et_pb_old_content":"","_et_gb_content_width":"","inline_featured_image":false,"footnotes":""},"categories":[326,227],"tags":[],"class_list":["post-55934","page","type-page","status-publish","has-post-thumbnail","hentry","category-die-flotte","category-yacht-de"],"yoast_head":"<!-- This site is optimized with the Yoast SEO plugin v24.0 - https:\/\/yoast.com\/wordpress\/plugins\/seo\/ -->\n<title>Canados 72 zur Miete in Sardinien, Luxus-Yachtcharter<\/title>\n<meta name=\"description\" content=\"Vermietung von Canados 72 Yachten in Sardinien. Eine prestigetr\u00e4chtige Yacht mit eleganten Linien, die Luxus und Qualit\u00e4t vermittelt. Yachtvermietung Sardinien\" \/>\n<meta name=\"robots\" content=\"index, follow, max-snippet:-1, max-image-preview:large, max-video-preview:-1\" \/>\n<link rel=\"canonical\" href=\"https:\/\/www.free-charter.com\/site\/de\/canados-72-zu-vermieten-in-sardinien\/\" \/>\n<meta property=\"og:locale\" content=\"de_DE\" \/>\n<meta property=\"og:type\" content=\"article\" \/>\n<meta property=\"og:title\" content=\"Canados 72 zur Miete in Sardinien, Luxus-Yachtcharter\" \/>\n<meta property=\"og:description\" content=\"Vermietung von Canados 72 Yachten in Sardinien. Eine prestigetr\u00e4chtige Yacht mit eleganten Linien, die Luxus und Qualit\u00e4t vermittelt. Yachtvermietung Sardinien\" \/>\n<meta property=\"og:url\" content=\"https:\/\/www.free-charter.com\/site\/de\/canados-72-zu-vermieten-in-sardinien\/\" \/>\n<meta property=\"og:site_name\" content=\"Free Charter - Sardegna\" \/>\n<meta property=\"article:publisher\" content=\"https:\/\/www.facebook.com\/Free-Charter-105895906247290\/\" \/>\n<meta property=\"article:modified_time\" content=\"2025-11-06T09:00:11+00:00\" \/>\n<meta property=\"og:image\" content=\"https:\/\/www.free-charter.com\/site\/wp-content\/uploads\/2022\/02\/canados-72-affitto-sardegna.jpg\" \/>\n\t<meta property=\"og:image:width\" content=\"1000\" \/>\n\t<meta property=\"og:image:height\" content=\"631\" \/>\n\t<meta property=\"og:image:type\" content=\"image\/jpeg\" \/>\n<meta name=\"twitter:card\" content=\"summary_large_image\" \/>\n<meta name=\"twitter:label1\" content=\"Gesch\u00e4tzte Lesezeit\" \/>\n\t<meta name=\"twitter:data1\" content=\"1\u00a0Minute\" \/>\n<!-- \/ Yoast SEO plugin. -->","yoast_head_json":{"title":"Canados 72 zur Miete in Sardinien, Luxus-Yachtcharter","description":"Vermietung von Canados 72 Yachten in Sardinien. Eine prestigetr\u00e4chtige Yacht mit eleganten Linien, die Luxus und Qualit\u00e4t vermittelt. Yachtvermietung Sardinien","robots":{"index":"index","follow":"follow","max-snippet":"max-snippet:-1","max-image-preview":"max-image-preview:large","max-video-preview":"max-video-preview:-1"},"canonical":"https:\/\/www.free-charter.com\/site\/de\/canados-72-zu-vermieten-in-sardinien\/","og_locale":"de_DE","og_type":"article","og_title":"Canados 72 zur Miete in Sardinien, Luxus-Yachtcharter","og_description":"Vermietung von Canados 72 Yachten in Sardinien. Eine prestigetr\u00e4chtige Yacht mit eleganten Linien, die Luxus und Qualit\u00e4t vermittelt. Yachtvermietung Sardinien","og_url":"https:\/\/www.free-charter.com\/site\/de\/canados-72-zu-vermieten-in-sardinien\/","og_site_name":"Free Charter - Sardegna","article_publisher":"https:\/\/www.facebook.com\/Free-Charter-105895906247290\/","article_modified_time":"2025-11-06T09:00:11+00:00","og_image":[{"width":1000,"height":631,"url":"https:\/\/www.free-charter.com\/site\/wp-content\/uploads\/2022\/02\/canados-72-affitto-sardegna.jpg","type":"image\/jpeg"}],"twitter_card":"summary_large_image","twitter_misc":{"Gesch\u00e4tzte Lesezeit":"1\u00a0Minute"},"schema":{"@context":"https:\/\/schema.org","@graph":[{"@type":"WebPage","@id":"https:\/\/www.free-charter.com\/site\/de\/canados-72-zu-vermieten-in-sardinien\/","url":"https:\/\/www.free-charter.com\/site\/de\/canados-72-zu-vermieten-in-sardinien\/","name":"Canados 72 zur Miete in Sardinien, Luxus-Yachtcharter","isPartOf":{"@id":"https:\/\/www.free-charter.com\/site\/de\/#website"},"primaryImageOfPage":{"@id":"https:\/\/www.free-charter.com\/site\/de\/canados-72-zu-vermieten-in-sardinien\/#primaryimage"},"image":{"@id":"https:\/\/www.free-charter.com\/site\/de\/canados-72-zu-vermieten-in-sardinien\/#primaryimage"},"thumbnailUrl":"https:\/\/www.free-charter.com\/site\/wp-content\/uploads\/2022\/02\/canados-72-affitto-sardegna.jpg","datePublished":"2018-05-15T16:51:23+00:00","dateModified":"2025-11-06T09:00:11+00:00","description":"Vermietung von Canados 72 Yachten in Sardinien. Eine prestigetr\u00e4chtige Yacht mit eleganten Linien, die Luxus und Qualit\u00e4t vermittelt. Yachtvermietung Sardinien","inLanguage":"de","potentialAction":[{"@type":"ReadAction","target":["https:\/\/www.free-charter.com\/site\/de\/canados-72-zu-vermieten-in-sardinien\/"]}]},{"@type":"ImageObject","inLanguage":"de","@id":"https:\/\/www.free-charter.com\/site\/de\/canados-72-zu-vermieten-in-sardinien\/#primaryimage","url":"https:\/\/www.free-charter.com\/site\/wp-content\/uploads\/2022\/02\/canados-72-affitto-sardegna.jpg","contentUrl":"https:\/\/www.free-charter.com\/site\/wp-content\/uploads\/2022\/02\/canados-72-affitto-sardegna.jpg","width":1000,"height":631},{"@type":"WebSite","@id":"https:\/\/www.free-charter.com\/site\/de\/#website","url":"https:\/\/www.free-charter.com\/site\/de\/","name":"Free Charter - Sardegna","description":"Noleggio Imbarcazioni da diporto - Free Charter - Sardegna","publisher":{"@id":"https:\/\/www.free-charter.com\/site\/de\/#organization"},"potentialAction":[{"@type":"SearchAction","target":{"@type":"EntryPoint","urlTemplate":"https:\/\/www.free-charter.com\/site\/de\/?s={search_term_string}"},"query-input":{"@type":"PropertyValueSpecification","valueRequired":true,"valueName":"search_term_string"}}],"inLanguage":"de"},{"@type":"Organization","@id":"https:\/\/www.free-charter.com\/site\/de\/#organization","name":"Free Charter - Sardegna","url":"https:\/\/www.free-charter.com\/site\/de\/","logo":{"@type":"ImageObject","inLanguage":"de","@id":"https:\/\/www.free-charter.com\/site\/de\/#\/schema\/logo\/image\/","url":"https:\/\/www.free-charter.com\/site\/wp-content\/uploads\/2022\/03\/Logo-FC-2017.svg","contentUrl":"https:\/\/www.free-charter.com\/site\/wp-content\/uploads\/2022\/03\/Logo-FC-2017.svg","width":"1024","height":"1024","caption":"Free Charter - Sardegna"},"image":{"@id":"https:\/\/www.free-charter.com\/site\/de\/#\/schema\/logo\/image\/"},"sameAs":["https:\/\/www.facebook.com\/Free-Charter-105895906247290\/","https:\/\/www.free-charter.com\/site\/","https:\/\/www.youtube.com\/channel\/UCaLp2gl2X5MZUt6Ki0oDx3A"]}]}},"_links":{"self":[{"href":"https:\/\/www.free-charter.com\/site\/de\/wp-json\/wp\/v2\/pages\/55934","targetHints":{"allow":["GET"]}}],"collection":[{"href":"https:\/\/www.free-charter.com\/site\/de\/wp-json\/wp\/v2\/pages"}],"about":[{"href":"https:\/\/www.free-charter.com\/site\/de\/wp-json\/wp\/v2\/types\/page"}],"author":[{"embeddable":true,"href":"https:\/\/www.free-charter.com\/site\/de\/wp-json\/wp\/v2\/users\/1"}],"replies":[{"embeddable":true,"href":"https:\/\/www.free-charter.com\/site\/de\/wp-json\/wp\/v2\/comments?post=55934"}],"version-history":[{"count":4,"href":"https:\/\/www.free-charter.com\/site\/de\/wp-json\/wp\/v2\/pages\/55934\/revisions"}],"predecessor-version":[{"id":61942,"href":"https:\/\/www.free-charter.com\/site\/de\/wp-json\/wp\/v2\/pages\/55934\/revisions\/61942"}],"wp:featuredmedia":[{"embeddable":true,"href":"https:\/\/www.free-charter.com\/site\/de\/wp-json\/wp\/v2\/media\/55935"}],"wp:attachment":[{"href":"https:\/\/www.free-charter.com\/site\/de\/wp-json\/wp\/v2\/media?parent=55934"}],"wp:term":[{"taxonomy":"category","embeddable":true,"href":"https:\/\/www.free-charter.com\/site\/de\/wp-json\/wp\/v2\/categories?post=55934"},{"taxonomy":"post_tag","embeddable":true,"href":"https:\/\/www.free-charter.com\/site\/de\/wp-json\/wp\/v2\/tags?post=55934"}],"curies":[{"name":"wp","href":"https:\/\/api.w.org\/{rel}","templated":true}]}}