{"id":2281,"date":"2017-07-18T12:24:26","date_gmt":"2017-07-18T10:24:26","guid":{"rendered":"http:\/\/www.free-charter.com\/site\/?page_id=2281"},"modified":"2018-10-11T17:47:44","modified_gmt":"2018-10-11T15:47:44","slug":"prestige-32-fly","status":"publish","type":"page","link":"https:\/\/www.free-charter.com\/site\/de\/prestige-32-fly\/","title":{"rendered":"PRESTIGE 32 Fly. Charter Motorboot in Cannigione, Sardinien."},"content":{"rendered":"<p style=\"text-align: center;\"><div id=\"metaslider-id-516\" style=\"max-width: 1030px;\" class=\"ml-slider-3-62-0 metaslider metaslider-nivo metaslider-516 ml-slider ms-theme-default\" role=\"region\" aria-roledescription=\"Slideshow\" aria-label=\"prestige_32\">\n    <div id=\"metaslider_container_516\">\n        <div class='slider-wrapper theme-default'><div class='ribbon'><\/div><div id='metaslider_516' class='nivoSlider'><img loading=\"lazy\" decoding=\"async\" src=\"https:\/\/www.free-charter.com\/site\/wp-content\/uploads\/2015\/03\/Prestige_32_01-404x254.jpg\" height=\"650\" width=\"1030\" data-caption=\"Prestige 32, noleggio barca a motore Cannigione, Sardegna - Motor Boat for rent, Cannigione, Sardinia.\" alt=\"PRESTIGE 32. Charter barca a motore a Cannigione.\" class=\"slider-516 slide-517\" \/><img loading=\"lazy\" decoding=\"async\" src=\"https:\/\/www.free-charter.com\/site\/wp-content\/uploads\/2015\/03\/Prestige_32_02-1024x646.jpg\" height=\"650\" width=\"1030\" data-caption=\"Prestige 32, profilo - side\" alt=\"PRESTIGE 32. Powerboat to rent in Sardinia.\" class=\"slider-516 slide-518\" \/><img loading=\"lazy\" decoding=\"async\" src=\"https:\/\/www.free-charter.com\/site\/wp-content\/uploads\/2015\/03\/Prestige_32_03-1024x646.jpg\" height=\"650\" width=\"1030\" data-caption=\"Prestige 32, prua - prow\" alt=\"PRESTIGE 32. Charter barca a motore a Cannigione.\" class=\"slider-516 slide-519\" \/><img loading=\"lazy\" decoding=\"async\" src=\"https:\/\/www.free-charter.com\/site\/wp-content\/uploads\/2015\/03\/Prestige_32_04-457x288.jpg\" height=\"650\" width=\"1030\" data-caption=\"Prestige 32, ponte fly - fly bridge\" alt=\"PRESTIGE 32. Relax e divertimento su una barca a motore a Cannigione.\" class=\"slider-516 slide-520\" \/><img loading=\"lazy\" decoding=\"async\" src=\"https:\/\/www.free-charter.com\/site\/wp-content\/uploads\/2015\/03\/Prestige_32_05-457x288.jpg\" height=\"650\" width=\"1030\" data-caption=\"Prestige 32, pozzetto - cockpit\" alt=\"Affitta questa barca a motore in Sardegna.\" class=\"slider-516 slide-521\" \/><img loading=\"lazy\" decoding=\"async\" src=\"https:\/\/www.free-charter.com\/site\/wp-content\/uploads\/2015\/03\/Prestige_32_06-245x154.jpg\" height=\"650\" width=\"1030\" data-caption=\"Prestige 32, cabina armatoriale - master cabin\" alt=\"PRESTIGE 32. Bareboat da noleggiare in Sardegna\" class=\"slider-516 slide-522\" \/><img loading=\"lazy\" decoding=\"async\" src=\"https:\/\/www.free-charter.com\/site\/wp-content\/uploads\/2015\/03\/Prestige_32_07-457x288.jpg\" height=\"650\" width=\"1030\" data-caption=\"Prestige 32, pozzetto - cockpit\" alt=\"PRESTIGE 32. Bareboat to rent in Sardinia\" class=\"slider-516 slide-523\" \/><img loading=\"lazy\" decoding=\"async\" src=\"https:\/\/www.free-charter.com\/site\/wp-content\/uploads\/2015\/03\/Prestige_32_08-201x126.jpg\" height=\"650\" width=\"1030\" data-caption=\"Prestige 32, dinette\" alt=\"PRESTIGE 32. Charter barca a motore da affittare.\" class=\"slider-516 slide-524\" \/><img loading=\"lazy\" decoding=\"async\" src=\"https:\/\/www.free-charter.com\/site\/wp-content\/uploads\/2015\/03\/Prestige_32_09-438x276.jpg\" height=\"650\" width=\"1030\" data-caption=\"Prestige 32, layout 2 cabine, 2 bagni - 2 cabins, 2 bathroom\" alt=\"PRESTIGE 32. Charter barca a motore a Cannigione, dettagli e prezzo\" class=\"slider-516 slide-525\" \/><\/div><\/div>\n        \n    <\/div>\n<\/div><\/p>\n<p style=\"text-align: center;\">Auf diesem Boot, zwischen Himmel und Meer, f\u00e4llt Entspannung besonders leicht. Die Prestige 32 ist f\u00fcr die Familie geplant, mit einer gem\u00fctlichen Atmosph\u00e4re im klassischen Stil. Gib dir eine erholsame Pause, von den Wellen umgeben und von der frischen Brise gek\u00fchlt. Urlaub, welcher den K\u00f6rper und deinen Geist wiederherstellen wird.<\/p>\n","protected":false},"excerpt":{"rendered":"<p>Auf diesem Boot, zwischen Himmel und Meer, f\u00e4llt Entspannung besonders leicht. Die Prestige 32 ist f\u00fcr die Familie geplant, mit einer gem\u00fctlichen Atmosph\u00e4re im klassischen Stil. Gib dir eine erholsame Pause, von den Wellen umgeben und von der frischen Brise gek\u00fchlt. Urlaub, welcher den K\u00f6rper und deinen Geist wiederherstellen wird.<\/p>\n","protected":false},"author":1,"featured_media":2162,"parent":0,"menu_order":0,"comment_status":"closed","ping_status":"closed","template":"","meta":{"_et_pb_use_builder":"","_et_pb_old_content":"","_et_gb_content_width":"","inline_featured_image":false,"footnotes":""},"categories":[],"tags":[],"class_list":["post-2281","page","type-page","status-publish","has-post-thumbnail","hentry"],"yoast_head":"<!-- This site is optimized with the Yoast SEO plugin v24.0 - https:\/\/yoast.com\/wordpress\/plugins\/seo\/ -->\n<title>PRESTIGE 32. Charter Motorboot in Cannigione, Sardinien.<\/title>\n<meta name=\"description\" content=\"Entspannender Urlaub und Vermietung ohne Sorgen mit dieser sch\u00f6nen Yacht in Cannigione, zu mieten. Erfahren Sie Sardinien, La Maddalena und Costa Smeralda.\" \/>\n<meta name=\"robots\" content=\"index, follow, max-snippet:-1, max-image-preview:large, max-video-preview:-1\" \/>\n<link rel=\"canonical\" href=\"https:\/\/www.free-charter.com\/site\/de\/prestige-32-fly\/\" \/>\n<meta property=\"og:locale\" content=\"de_DE\" \/>\n<meta property=\"og:type\" content=\"article\" \/>\n<meta property=\"og:title\" content=\"PRESTIGE 32. Charter Motorboot in Cannigione, Sardinien.\" \/>\n<meta property=\"og:description\" content=\"Entspannender Urlaub und Vermietung ohne Sorgen mit dieser sch\u00f6nen Yacht in Cannigione, zu mieten. Erfahren Sie Sardinien, La Maddalena und Costa Smeralda.\" \/>\n<meta property=\"og:url\" content=\"https:\/\/www.free-charter.com\/site\/de\/prestige-32-fly\/\" \/>\n<meta property=\"og:site_name\" content=\"Free Charter - Sardegna\" \/>\n<meta property=\"article:publisher\" content=\"https:\/\/www.facebook.com\/Free-Charter-105895906247290\/\" \/>\n<meta property=\"article:modified_time\" content=\"2018-10-11T15:47:44+00:00\" \/>\n<meta property=\"og:image\" content=\"http:\/\/www.free-charter.com\/site\/wp-content\/uploads\/2017\/05\/Prestige_34_01-e1434986485811-288x181.jpg\" \/>\n\t<meta property=\"og:image:width\" content=\"288\" \/>\n\t<meta property=\"og:image:height\" content=\"181\" \/>\n\t<meta property=\"og:image:type\" content=\"image\/jpeg\" \/>\n<meta name=\"twitter:card\" content=\"summary_large_image\" \/>\n<!-- \/ Yoast SEO plugin. -->","yoast_head_json":{"title":"PRESTIGE 32. Charter Motorboot in Cannigione, Sardinien.","description":"Entspannender Urlaub und Vermietung ohne Sorgen mit dieser sch\u00f6nen Yacht in Cannigione, zu mieten. Erfahren Sie Sardinien, La Maddalena und Costa Smeralda.","robots":{"index":"index","follow":"follow","max-snippet":"max-snippet:-1","max-image-preview":"max-image-preview:large","max-video-preview":"max-video-preview:-1"},"canonical":"https:\/\/www.free-charter.com\/site\/de\/prestige-32-fly\/","og_locale":"de_DE","og_type":"article","og_title":"PRESTIGE 32. Charter Motorboot in Cannigione, Sardinien.","og_description":"Entspannender Urlaub und Vermietung ohne Sorgen mit dieser sch\u00f6nen Yacht in Cannigione, zu mieten. Erfahren Sie Sardinien, La Maddalena und Costa Smeralda.","og_url":"https:\/\/www.free-charter.com\/site\/de\/prestige-32-fly\/","og_site_name":"Free Charter - Sardegna","article_publisher":"https:\/\/www.facebook.com\/Free-Charter-105895906247290\/","article_modified_time":"2018-10-11T15:47:44+00:00","og_image":[{"width":288,"height":181,"url":"http:\/\/www.free-charter.com\/site\/wp-content\/uploads\/2017\/05\/Prestige_34_01-e1434986485811-288x181.jpg","type":"image\/jpeg"}],"twitter_card":"summary_large_image","schema":{"@context":"https:\/\/schema.org","@graph":[{"@type":"WebPage","@id":"https:\/\/www.free-charter.com\/site\/de\/prestige-32-fly\/","url":"https:\/\/www.free-charter.com\/site\/de\/prestige-32-fly\/","name":"PRESTIGE 32. Charter Motorboot in Cannigione, Sardinien.","isPartOf":{"@id":"https:\/\/www.free-charter.com\/site\/de\/#website"},"primaryImageOfPage":{"@id":"https:\/\/www.free-charter.com\/site\/de\/prestige-32-fly\/#primaryimage"},"image":{"@id":"https:\/\/www.free-charter.com\/site\/de\/prestige-32-fly\/#primaryimage"},"thumbnailUrl":"https:\/\/www.free-charter.com\/site\/wp-content\/uploads\/2017\/05\/Prestige_34_01-e1434986485811-288x181.jpg","datePublished":"2017-07-18T10:24:26+00:00","dateModified":"2018-10-11T15:47:44+00:00","description":"Entspannender Urlaub und Vermietung ohne Sorgen mit dieser sch\u00f6nen Yacht in Cannigione, zu mieten. Erfahren Sie Sardinien, La Maddalena und Costa Smeralda.","inLanguage":"de","potentialAction":[{"@type":"ReadAction","target":["https:\/\/www.free-charter.com\/site\/de\/prestige-32-fly\/"]}]},{"@type":"ImageObject","inLanguage":"de","@id":"https:\/\/www.free-charter.com\/site\/de\/prestige-32-fly\/#primaryimage","url":"https:\/\/www.free-charter.com\/site\/wp-content\/uploads\/2017\/05\/Prestige_34_01-e1434986485811-288x181.jpg","contentUrl":"https:\/\/www.free-charter.com\/site\/wp-content\/uploads\/2017\/05\/Prestige_34_01-e1434986485811-288x181.jpg","width":288,"height":181,"caption":"OLYMPUS DIGITAL CAMERA"},{"@type":"WebSite","@id":"https:\/\/www.free-charter.com\/site\/de\/#website","url":"https:\/\/www.free-charter.com\/site\/de\/","name":"Free Charter - Sardegna","description":"Noleggio Imbarcazioni da diporto - Free Charter - Sardegna","publisher":{"@id":"https:\/\/www.free-charter.com\/site\/de\/#organization"},"potentialAction":[{"@type":"SearchAction","target":{"@type":"EntryPoint","urlTemplate":"https:\/\/www.free-charter.com\/site\/de\/?s={search_term_string}"},"query-input":{"@type":"PropertyValueSpecification","valueRequired":true,"valueName":"search_term_string"}}],"inLanguage":"de"},{"@type":"Organization","@id":"https:\/\/www.free-charter.com\/site\/de\/#organization","name":"Free Charter - Sardegna","url":"https:\/\/www.free-charter.com\/site\/de\/","logo":{"@type":"ImageObject","inLanguage":"de","@id":"https:\/\/www.free-charter.com\/site\/de\/#\/schema\/logo\/image\/","url":"https:\/\/www.free-charter.com\/site\/wp-content\/uploads\/2022\/03\/Logo-FC-2017.svg","contentUrl":"https:\/\/www.free-charter.com\/site\/wp-content\/uploads\/2022\/03\/Logo-FC-2017.svg","width":"1024","height":"1024","caption":"Free Charter - Sardegna"},"image":{"@id":"https:\/\/www.free-charter.com\/site\/de\/#\/schema\/logo\/image\/"},"sameAs":["https:\/\/www.facebook.com\/Free-Charter-105895906247290\/","https:\/\/www.free-charter.com\/site\/","https:\/\/www.youtube.com\/channel\/UCaLp2gl2X5MZUt6Ki0oDx3A"]}]}},"_links":{"self":[{"href":"https:\/\/www.free-charter.com\/site\/de\/wp-json\/wp\/v2\/pages\/2281","targetHints":{"allow":["GET"]}}],"collection":[{"href":"https:\/\/www.free-charter.com\/site\/de\/wp-json\/wp\/v2\/pages"}],"about":[{"href":"https:\/\/www.free-charter.com\/site\/de\/wp-json\/wp\/v2\/types\/page"}],"author":[{"embeddable":true,"href":"https:\/\/www.free-charter.com\/site\/de\/wp-json\/wp\/v2\/users\/1"}],"replies":[{"embeddable":true,"href":"https:\/\/www.free-charter.com\/site\/de\/wp-json\/wp\/v2\/comments?post=2281"}],"version-history":[{"count":4,"href":"https:\/\/www.free-charter.com\/site\/de\/wp-json\/wp\/v2\/pages\/2281\/revisions"}],"predecessor-version":[{"id":2456,"href":"https:\/\/www.free-charter.com\/site\/de\/wp-json\/wp\/v2\/pages\/2281\/revisions\/2456"}],"wp:featuredmedia":[{"embeddable":true,"href":"https:\/\/www.free-charter.com\/site\/de\/wp-json\/wp\/v2\/media\/2162"}],"wp:attachment":[{"href":"https:\/\/www.free-charter.com\/site\/de\/wp-json\/wp\/v2\/media?parent=2281"}],"wp:term":[{"taxonomy":"category","embeddable":true,"href":"https:\/\/www.free-charter.com\/site\/de\/wp-json\/wp\/v2\/categories?post=2281"},{"taxonomy":"post_tag","embeddable":true,"href":"https:\/\/www.free-charter.com\/site\/de\/wp-json\/wp\/v2\/tags?post=2281"}],"curies":[{"name":"wp","href":"https:\/\/api.w.org\/{rel}","templated":true}]}}