{"id":2173,"date":"2017-04-04T17:18:39","date_gmt":"2017-04-04T15:18:39","guid":{"rendered":"http:\/\/www.free-charter.com\/site\/?page_id=2173"},"modified":"2022-03-15T14:15:19","modified_gmt":"2022-03-15T13:15:19","slug":"charter-gebiet","status":"publish","type":"page","link":"https:\/\/www.free-charter.com\/site\/de\/charter-gebiet\/","title":{"rendered":"Fahrroute"},"content":{"rendered":"<p>[et_pb_section fb_built=&#8221;1&#8243; admin_label=&#8221;section&#8221; _builder_version=&#8221;3.22&#8243; locked=&#8221;off&#8221; global_colors_info=&#8221;{}&#8221;][et_pb_row _builder_version=&#8221;3.25&#8243; global_colors_info=&#8221;{}&#8221;][et_pb_column type=&#8221;4_4&#8243; _builder_version=&#8221;3.25&#8243; custom_padding=&#8221;|||&#8221; global_colors_info=&#8221;{}&#8221; custom_padding__hover=&#8221;|||&#8221;][et_pb_text _builder_version=&#8221;4.14.5&#8243; text_font=&#8221;Poppins|800|||||||&#8221; text_text_color=&#8221;#ededed&#8221; text_font_size=&#8221;90px&#8221; text_letter_spacing=&#8221;-5px&#8221; module_alignment=&#8221;center&#8221; custom_padding=&#8221;35px||||false&#8221; hover_enabled=&#8221;0&#8243; global_colors_info=&#8221;{}&#8221; disabled_on=&#8221;on|off|off&#8221; sticky_enabled=&#8221;0&#8243;]<\/p>\n<p style=\"text-align: center;\">FAHRROUTE<\/p>\n<p>[\/et_pb_text][et_pb_text _builder_version=&#8221;4.14.5&#8243; header_font=&#8221;Poppins|700|||||||&#8221; header_text_color=&#8221;#000000&#8243; module_alignment=&#8221;center&#8221; custom_margin=&#8221;-54px||&#8221; custom_padding=&#8221;|||&#8221; global_colors_info=&#8221;{}&#8221;]<\/p>\n<h1 style=\"text-align: center;\">SARDINIEN<\/h1>\n<p>[\/et_pb_text][\/et_pb_column][\/et_pb_row][\/et_pb_section][et_pb_section fb_built=&#8221;1&#8243; _builder_version=&#8221;3.22&#8243; global_colors_info=&#8221;{}&#8221;][et_pb_row _builder_version=&#8221;3.25&#8243; background_size=&#8221;initial&#8221; background_position=&#8221;top_left&#8221; background_repeat=&#8221;repeat&#8221; global_colors_info=&#8221;{}&#8221;][et_pb_column type=&#8221;4_4&#8243; _builder_version=&#8221;3.25&#8243; custom_padding=&#8221;|||&#8221; global_colors_info=&#8221;{}&#8221; custom_padding__hover=&#8221;|||&#8221;][et_pb_text _builder_version=&#8221;4.14.5&#8243; background_size=&#8221;initial&#8221; background_position=&#8221;top_left&#8221; background_repeat=&#8221;repeat&#8221; global_colors_info=&#8221;{}&#8221;]<\/p>\n<h4 style=\"text-align: center;\"><strong>ENTDECKEN SIE DIE BESTE STR\u00c4NDE UND K\u00dcSTEN SARDINIENS MIT EINEM VERMIETUNGSBOOT<\/strong><\/h4>\n<p style=\"text-align: center;\"><strong><\/strong><\/p>\n<p style=\"text-align: center;\"><strong><\/strong><\/p>\n<p class=\"introHome\" style=\"text-align: center;\">Vermieten Sie einen Yacht in Sardinien, Ligurien, Tuscania oder Spanien. Segeln Sie von einer Strand zu eine andere w\u00e4hrend Ihrer Traumurlaub. Man kann auch Schlauchboote mit Motor t\u00e4glich vermieten und viel Spa\u00df haben.<\/p>\n<p class=\"introHome\" style=\"text-align: center;\">\n<p class=\"introHome\" style=\"text-align: center;\">\n<p class=\"introHome\" style=\"text-align: center;\">[\/et_pb_text][muppit_itineraries _builder_version=&#8221;4.14.5&#8243; _module_preset=&#8221;default&#8221; global_colors_info=&#8221;{}&#8221;][\/muppit_itineraries][\/et_pb_column][\/et_pb_row][\/et_pb_section]<\/p>\n","protected":false},"excerpt":{"rendered":"<p>FAHRROUTESARDINIENENTDECKEN SIE DIE BESTE STR\u00c4NDE UND K\u00dcSTEN SARDINIENS MIT EINEM VERMIETUNGSBOOT Vermieten Sie einen Yacht in Sardinien, Ligurien, Tuscania oder Spanien. Segeln Sie von einer Strand zu eine andere w\u00e4hrend Ihrer Traumurlaub. Man kann auch Schlauchboote mit Motor t\u00e4glich vermieten und viel Spa\u00df haben. <div class=\"et_pb_module muppit_itineraries muppit_itineraries_0\">\n\t\t\t\t\n\t\t\t\t\n\t\t\t\t\n\t\t\t\t\n\t\t\t\t\n\t\t\t\t\n\t\t\t\t<div class=\"et_pb_module_inner\">\n\t\t\t\t\t\n\t\t<div class=\"itineraryBox\">\n\t\t\t<a href=\"\/site\/de\/reisedetails\/?idItinerary=450\" class=\"imglink\">\n\t\t<img decoding=\"async\" src=\"https:\/\/www.mupp.it\/travel\/myworldmaps\/itineraryphoto\/itineraryId\/450\" alt=\"Reiseplan in Costa Smeralda\" \/>\n\t\t<\/a>\n\t\t<div class=\"itineraryInfo\">\n\t\t\t<a href=\"\/site\/de\/reisedetails\/?idItinerary=450\"><h2>Costa Smeralda<\/h2><\/a>\n\t\t<div class=\"itineraryDescription\">\n\t\t\tVon CANNIGIONE bis TAVOLARA haben wir drei\u00dfig Millionen Emotionen, eine Reiseroute, die der Mistral und die Sonne begehren, um die sch\u00f6nsten Buchten..\t\t<\/div>\n\t\t\t<div class=\"separator\">\n\t\t\t<img decoding=\"async\" src=\"\/site\/wp-content\/themes\/free-charter\/images\/it\/Icona-itinerari.png\" alt=\"charter nord sardergna\">\n\t\t\t<\/a>\n\t\t\t<\/div>\n\t\t<\/div>\n\t\t\t<\/div>\n\n\t\t\t\n\t\t<div class=\"itineraryBox\">\n\t\t\t<a href=\"\/site\/de\/reisedetails\/?idItinerary=449\" class=\"imglink\">\n\t\t<img decoding=\"async\" src=\"https:\/\/www.mupp.it\/travel\/myworldmaps\/itineraryphoto\/itineraryId\/449\" alt=\"Reiseplan in Vom Golfo di Cagliari bis nach Carloforte\" \/>\n\t\t<\/a>\n\t\t<div class=\"itineraryInfo\">\n\t\t\t<a href=\"\/site\/de\/reisedetails\/?idItinerary=449\"><h2>Vom Golfo di Cagliari bis nach Carloforte<\/h2><\/a>\n\t\t<div class=\"itineraryDescription\">\n\t\t\t\nNavigieren Sie die Westk\u00fcste Sardiniens auf einem Free Charter Motorboot und sp\u00fcren Sie noch mehr die Energie des Mittelmeers. Das \"Mediterraneo\" h..\t\t<\/div>\n\t\t\t<div class=\"separator\">\n\t\t\t<img decoding=\"async\" src=\"\/site\/wp-content\/themes\/free-charter\/images\/it\/Icona-itinerari.png\" alt=\"charter nord sardergna\">\n\t\t\t<\/a>\n\t\t\t<\/div>\n\t\t<\/div>\n\t\t\t<\/div>\n\n\t\t\t\n\t\t<div class=\"itineraryBox\">\n\t\t\t<a href=\"\/site\/de\/reisedetails\/?idItinerary=448\" class=\"imglink\">\n\t\t<img decoding=\"async\" src=\"https:\/\/www.mupp.it\/travel\/myworldmaps\/itineraryphoto\/itineraryId\/448\" alt=\"Reiseplan in Cruise im Golfo degli angeli von Cagliari bis zur Costa del Rei\" \/>\n\t\t<\/a>\n\t\t<div class=\"itineraryInfo\">\n\t\t\t<a href=\"\/site\/de\/reisedetails\/?idItinerary=448\"><h2>Cruise im Golfo degli angeli von Cagliari bis zur Costa del Rei<\/h2><\/a>\n\t\t<div class=\"itineraryDescription\">\n\t\t\tWenn Sie an der Sardinischen K\u00fcste entlang fahren, werden Sie goldene Str\u00e4nde, jahrhundertalte Geschichte und erstaunliche Klippen entdecken. Das Me..\t\t<\/div>\n\t\t\t<div class=\"separator\">\n\t\t\t<img decoding=\"async\" src=\"\/site\/wp-content\/themes\/free-charter\/images\/it\/Icona-itinerari.png\" alt=\"charter nord sardergna\">\n\t\t\t<\/a>\n\t\t\t<\/div>\n\t\t<\/div>\n\t\t\t<\/div>\n\n\t\t\t\n\t\t<div class=\"itineraryBox\">\n\t\t\t<a href=\"\/site\/de\/reisedetails\/?idItinerary=451\" class=\"imglink\">\n\t\t<img decoding=\"async\" src=\"https:\/\/www.mupp.it\/travel\/myworldmaps\/itineraryphoto\/itineraryId\/451\" alt=\"Reiseplan in Das La Maddalena Archipel\" \/>\n\t\t<\/a>\n\t\t<div class=\"itineraryInfo\">\n\t\t\t<a href=\"\/site\/de\/reisedetails\/?idItinerary=451\"><h2>Das La Maddalena Archipel<\/h2><\/a>\n\t\t<div class=\"itineraryDescription\">\n\t\t\tWillkommen zu einem Insel-Labyrinth L'ARCIPELAGO DELLA MADDALENA. Es besteht aus 62 Inseln (La Maddalena, Caprera, Santo Stefano, Spargi, Budelli, Raz..\t\t<\/div>\n\t\t\t<div class=\"separator\">\n\t\t\t<img decoding=\"async\" src=\"\/site\/wp-content\/themes\/free-charter\/images\/it\/Icona-itinerari.png\" alt=\"charter nord sardergna\">\n\t\t\t<\/a>\n\t\t\t<\/div>\n\t\t<\/div>\n\t\t\t<\/div>\n\n\t\t\t\n\t\t\t\t<\/div>\n\t\t\t<\/div><\/p>\n","protected":false},"author":1,"featured_media":0,"parent":0,"menu_order":0,"comment_status":"closed","ping_status":"closed","template":"","meta":{"_et_pb_use_builder":"on","_et_pb_old_content":"","_et_gb_content_width":"","inline_featured_image":false,"footnotes":""},"categories":[],"tags":[],"class_list":["post-2173","page","type-page","status-publish","hentry"],"yoast_head":"<!-- This site is optimized with the Yoast SEO plugin v24.0 - https:\/\/yoast.com\/wordpress\/plugins\/seo\/ -->\n<title>M\u00f6chten Sie Sardinien mit einem Boot entdecken? Click hier!<\/title>\n<meta name=\"description\" content=\"Die Perfekte Fahrroute f\u00fcr Ihren Urlaub mit einem Boot in Sardinien, Costa Smeralda und viel mehr\" \/>\n<meta name=\"robots\" content=\"index, follow, max-snippet:-1, max-image-preview:large, max-video-preview:-1\" \/>\n<link rel=\"canonical\" href=\"https:\/\/www.free-charter.com\/site\/de\/charter-gebiet\/\" \/>\n<meta property=\"og:locale\" content=\"de_DE\" \/>\n<meta property=\"og:type\" content=\"article\" \/>\n<meta property=\"og:title\" content=\"M\u00f6chten Sie Sardinien mit einem Boot entdecken? Click hier!\" \/>\n<meta property=\"og:description\" content=\"Die Perfekte Fahrroute f\u00fcr Ihren Urlaub mit einem Boot in Sardinien, Costa Smeralda und viel mehr\" \/>\n<meta property=\"og:url\" content=\"https:\/\/www.free-charter.com\/site\/de\/charter-gebiet\/\" \/>\n<meta property=\"og:site_name\" content=\"Free Charter - Sardegna\" \/>\n<meta property=\"article:publisher\" content=\"https:\/\/www.facebook.com\/Free-Charter-105895906247290\/\" \/>\n<meta property=\"article:modified_time\" content=\"2022-03-15T13:15:19+00:00\" \/>\n<meta name=\"twitter:card\" content=\"summary_large_image\" \/>\n<meta name=\"twitter:label1\" content=\"Gesch\u00e4tzte Lesezeit\" \/>\n\t<meta name=\"twitter:data1\" content=\"1\u00a0Minute\" \/>\n<!-- \/ Yoast SEO plugin. -->","yoast_head_json":{"title":"M\u00f6chten Sie Sardinien mit einem Boot entdecken? Click hier!","description":"Die Perfekte Fahrroute f\u00fcr Ihren Urlaub mit einem Boot in Sardinien, Costa Smeralda und viel mehr","robots":{"index":"index","follow":"follow","max-snippet":"max-snippet:-1","max-image-preview":"max-image-preview:large","max-video-preview":"max-video-preview:-1"},"canonical":"https:\/\/www.free-charter.com\/site\/de\/charter-gebiet\/","og_locale":"de_DE","og_type":"article","og_title":"M\u00f6chten Sie Sardinien mit einem Boot entdecken? Click hier!","og_description":"Die Perfekte Fahrroute f\u00fcr Ihren Urlaub mit einem Boot in Sardinien, Costa Smeralda und viel mehr","og_url":"https:\/\/www.free-charter.com\/site\/de\/charter-gebiet\/","og_site_name":"Free Charter - Sardegna","article_publisher":"https:\/\/www.facebook.com\/Free-Charter-105895906247290\/","article_modified_time":"2022-03-15T13:15:19+00:00","twitter_card":"summary_large_image","twitter_misc":{"Gesch\u00e4tzte Lesezeit":"1\u00a0Minute"},"schema":{"@context":"https:\/\/schema.org","@graph":[{"@type":"WebPage","@id":"https:\/\/www.free-charter.com\/site\/de\/charter-gebiet\/","url":"https:\/\/www.free-charter.com\/site\/de\/charter-gebiet\/","name":"M\u00f6chten Sie Sardinien mit einem Boot entdecken? Click hier!","isPartOf":{"@id":"https:\/\/www.free-charter.com\/site\/de\/#website"},"datePublished":"2017-04-04T15:18:39+00:00","dateModified":"2022-03-15T13:15:19+00:00","description":"Die Perfekte Fahrroute f\u00fcr Ihren Urlaub mit einem Boot in Sardinien, Costa Smeralda und viel mehr","inLanguage":"de","potentialAction":[{"@type":"ReadAction","target":["https:\/\/www.free-charter.com\/site\/de\/charter-gebiet\/"]}]},{"@type":"WebSite","@id":"https:\/\/www.free-charter.com\/site\/de\/#website","url":"https:\/\/www.free-charter.com\/site\/de\/","name":"Free Charter - Sardegna","description":"Noleggio Imbarcazioni da diporto - Free Charter - Sardegna","publisher":{"@id":"https:\/\/www.free-charter.com\/site\/de\/#organization"},"potentialAction":[{"@type":"SearchAction","target":{"@type":"EntryPoint","urlTemplate":"https:\/\/www.free-charter.com\/site\/de\/?s={search_term_string}"},"query-input":{"@type":"PropertyValueSpecification","valueRequired":true,"valueName":"search_term_string"}}],"inLanguage":"de"},{"@type":"Organization","@id":"https:\/\/www.free-charter.com\/site\/de\/#organization","name":"Free Charter - Sardegna","url":"https:\/\/www.free-charter.com\/site\/de\/","logo":{"@type":"ImageObject","inLanguage":"de","@id":"https:\/\/www.free-charter.com\/site\/de\/#\/schema\/logo\/image\/","url":"https:\/\/www.free-charter.com\/site\/wp-content\/uploads\/2022\/03\/Logo-FC-2017.svg","contentUrl":"https:\/\/www.free-charter.com\/site\/wp-content\/uploads\/2022\/03\/Logo-FC-2017.svg","width":"1024","height":"1024","caption":"Free Charter - Sardegna"},"image":{"@id":"https:\/\/www.free-charter.com\/site\/de\/#\/schema\/logo\/image\/"},"sameAs":["https:\/\/www.facebook.com\/Free-Charter-105895906247290\/","https:\/\/www.free-charter.com\/site\/","https:\/\/www.youtube.com\/channel\/UCaLp2gl2X5MZUt6Ki0oDx3A"]}]}},"_links":{"self":[{"href":"https:\/\/www.free-charter.com\/site\/de\/wp-json\/wp\/v2\/pages\/2173","targetHints":{"allow":["GET"]}}],"collection":[{"href":"https:\/\/www.free-charter.com\/site\/de\/wp-json\/wp\/v2\/pages"}],"about":[{"href":"https:\/\/www.free-charter.com\/site\/de\/wp-json\/wp\/v2\/types\/page"}],"author":[{"embeddable":true,"href":"https:\/\/www.free-charter.com\/site\/de\/wp-json\/wp\/v2\/users\/1"}],"replies":[{"embeddable":true,"href":"https:\/\/www.free-charter.com\/site\/de\/wp-json\/wp\/v2\/comments?post=2173"}],"version-history":[{"count":9,"href":"https:\/\/www.free-charter.com\/site\/de\/wp-json\/wp\/v2\/pages\/2173\/revisions"}],"predecessor-version":[{"id":56487,"href":"https:\/\/www.free-charter.com\/site\/de\/wp-json\/wp\/v2\/pages\/2173\/revisions\/56487"}],"wp:attachment":[{"href":"https:\/\/www.free-charter.com\/site\/de\/wp-json\/wp\/v2\/media?parent=2173"}],"wp:term":[{"taxonomy":"category","embeddable":true,"href":"https:\/\/www.free-charter.com\/site\/de\/wp-json\/wp\/v2\/categories?post=2173"},{"taxonomy":"post_tag","embeddable":true,"href":"https:\/\/www.free-charter.com\/site\/de\/wp-json\/wp\/v2\/tags?post=2173"}],"curies":[{"name":"wp","href":"https:\/\/api.w.org\/{rel}","templated":true}]}}